{"id":917,"date":"2023-09-27T15:57:52","date_gmt":"2023-09-27T18:57:52","guid":{"rendered":"https:\/\/josif.ifsuldeminas.edu.br\/?page_id=917"},"modified":"2025-11-04T15:16:33","modified_gmt":"2025-11-04T18:16:33","slug":"inscricoes-2","status":"publish","type":"page","link":"https:\/\/josif.ifsuldeminas.edu.br\/index.php\/inscricoes-2\/","title":{"rendered":"Inscri\u00e7\u00f5es"},"content":{"rendered":"\t\t<div data-elementor-type=\"wp-page\" data-elementor-id=\"917\" class=\"elementor elementor-917\">\n\t\t\t\t\t\t<section class=\"elementor-section elementor-top-section elementor-element elementor-element-527eb09 elementor-section-boxed elementor-section-height-default elementor-section-height-default\" data-id=\"527eb09\" data-element_type=\"section\" data-e-type=\"section\">\n\t\t\t\t\t\t<div class=\"elementor-container elementor-column-gap-default\">\n\t\t\t\t\t<div class=\"elementor-column elementor-col-100 elementor-top-column elementor-element elementor-element-43ce9072\" data-id=\"43ce9072\" data-element_type=\"column\" data-e-type=\"column\">\n\t\t\t<div class=\"elementor-widget-wrap elementor-element-populated\">\n\t\t\t\t\t\t<div class=\"elementor-element elementor-element-14cb16b elementor-widget elementor-widget-text-editor\" data-id=\"14cb16b\" data-element_type=\"widget\" data-e-type=\"widget\" data-widget_type=\"text-editor.default\">\n\t\t\t\t<div class=\"elementor-widget-container\">\n\t\t\t\t\t\t\t\t\t<h5 data-darkreader-inline-color=\"\">PROGRAMA\u00c7\u00c3O DAS APRESENTA\u00c7\u00d5ES<\/h5>\n<h5 data-darkreader-inline-color=\"\"><a href=\"https:\/\/docs.google.com\/spreadsheets\/d\/1W0tIIDZHQ4_PVdBhGMGcEjs8qlcljinLHdD4Gjzr5Gs\/edit?usp=sharing\" target=\"_blank\" rel=\"noopener\"><span>L<\/span>ista dos trabalhos aprovados por dia de apresenta\u00e7\u00e3o!!!<span>\u00a0<\/span><\/a><\/h5>\n<p style=\"font-size: 18px;\">Veja a lista de trabalhos aprovados (P\u00f4steres)\u00a0<a href=\"https:\/\/docs.google.com\/spreadsheets\/d\/1hi6v8bLPZ6Ruh5u8bfEH6nwWR-jPkofT4epgqdFNeGY\/edit?usp=sharing\" target=\"_blank\" rel=\"noopener\">clicando aqui<\/a>.<\/p>\n<p><span data-darkreader-inline-color=\"\"><\/span><\/p>\n<p style=\"font-size: 18px;\">Veja a lista de trabalhos aprovados (Orais)\u00a0<a href=\"https:\/\/docs.google.com\/spreadsheets\/d\/16I9N0aPU15gqLDH_IDKz1PCcRfrR9i12PVtolDcfFlk\/edit?gid=1118069246#gid=1118069246\" target=\"_blank\" rel=\"noopener\" data-darkreader-inline-bgcolor=\"\" style=\"background-color: #242525; --wp-dark-mode-inline-bgcolor: #272828;\">clicando aqui<\/a>.<\/p>\n<p style=\"font-size: 18px;\"><\/p>\n<p><span data-darkreader-inline-color=\"\"><b>\u00a0<\/b><\/span><\/p>\n<p><span data-darkreader-inline-color=\"\"><b>(*)\u00a0As apresenta\u00e7\u00f5es de trabalhos na forma oral e p\u00f4ster, por \u00e1reas, est\u00e3o assim divididas:<\/b><\/span><\/p>\n<p><span data-darkreader-inline-color=\"\"><b>Grupo 1 &#8211; 05\/11\/2025 &#8211;\u00a0Quarta-Feira:\u00a0<\/b><\/span>Ci\u00eancia da Computa\u00e7\u00e3o; Ci\u00eancia e Tecnologia de Alimentos; Matem\u00e1tica \/ Probabilidade e Estat\u00edstica ; Engenharia de Agrimensura e Cartogr\u00e1fica; Engenharia Ambiental e Sanit\u00e1ria; Engenharia Civil; Engenharia El\u00e9trica; Engenharia de Produ\u00e7\u00e3o \/ Seguran\u00e7a do Trabalho; Engenharias: Minas; Materiais e Metal\u00fargica; Nuclear; Naval; Aeroespacial; Biom\u00e9dica; Mec\u00e2nica; Transportes; Qu\u00edmica \/ Engenharia Qu\u00edmica; Recursos Florestais e Engenharia Florestal; Engenharia Agr\u00edcola; Arquitetura \/Urbanismo \/ Planejamento Urbano e Regional<span style=\"font-size: inherit;\">.<\/span><\/p>\n<p><span data-darkreader-inline-color=\"\"><b>Grupo 2 &#8211; 06\/11\/2025 &#8211;\u00a0Quinta-Feira:\u00a0<\/b>Medicina Veterin\u00e1ria; Agronomias; Biologia Geral; Bot\u00e2nica; Zootecnia; Ecologia e Meio Ambiente; Zoologia.<\/span><\/p>\n<p><span data-darkreader-inline-color=\"\"><b>Grupo 3 &#8211; 07\/11\/2025 &#8211;\u00a0Sexta-Feira:<\/b><span style=\"font-weight: bold;\">\u00a0<\/span>Educa\u00e7\u00e3o; Administra\u00e7\u00e3o \/ Economia; Educa\u00e7\u00e3o F\u00edsica \/ Fisioterapia; Filosofia \/ Sociologia \/ Ci\u00eancia pol\u00edtica \/ Antropologia \/ Arqueologia \/ Hist\u00f3ria \/ Teologia; Geografia \/ Geoci\u00eancias; Arte \/ Comunica\u00e7\u00e3o; Letras \/ Lingu\u00edstica; Enfermagem \/ Medicina \/ Odontologia \/ Farm\u00e1cia \/ Nutri\u00e7\u00e3o \/ Psicologia.<\/span><\/p>\n<ul>\n<li style=\"list-style-type: none;\">\n<ul><\/ul>\n<\/li>\n<\/ul>\n<p><!-- \/wp:list-item --><\/p>\n<p><!-- \/wp:list --><\/p>\n<p><!-- wp:paragraph --><\/p>\n<p><!-- \/wp:paragraph --><\/p>\n<p><!-- wp:paragraph --><\/p>\n<div><\/div>\t\t\t\t\t\t\t\t<\/div>\n\t\t\t\t<\/div>\n\t\t\t\t<div class=\"elementor-element elementor-element-c046a26 elementor-widget elementor-widget-text-editor\" data-id=\"c046a26\" data-element_type=\"widget\" data-e-type=\"widget\" data-widget_type=\"text-editor.default\">\n\t\t\t\t<div class=\"elementor-widget-container\">\n\t\t\t\t\t\t\t\t\t<h1>Inscri\u00e7\u00e3o para apresenta\u00e7\u00e3o na forma de P\u00d4STER<\/h1>\n<ul>\n<li style=\"list-style-type: none;\">\n<ul><\/ul>\n<\/li>\n<\/ul>\n<p><!-- \/wp:list-item --><\/p>\n<p><!-- \/wp:list --><\/p>\n<p><!-- wp:paragraph --><\/p>\n<p><!-- \/wp:paragraph --><\/p>\n<p><!-- wp:paragraph --><\/p>\n<p>Quem pode fazer inscri\u00e7\u00e3o para apresenta\u00e7\u00e3o de trabalhos na forma de P\u00d4STER?<\/p>\n<p>(*) aten\u00e7\u00e3o: somente pessoas com trabalhos aceitos e que indicaram, no resumo expandido, que seriam as apresentadoras do trabalho!<\/p>\n<p>\u2013 Estudantes Bolsistas em n\u00edvel m\u00e9dio\/t\u00e9cnico, que tenham participado em Editais PIBIC-EM\/CNPq (Verificar com os respons\u00e1veis pelos editais).<\/p>\n<p>\u2013 Estudantes Bolsistas ou Volunt\u00e1rios em n\u00edvel m\u00e9dio\/t\u00e9cnico\/superior, que tenham participado em Editais Fomentados pelos Campi e Reitoria e cuja apresenta\u00e7\u00e3o na forma de p\u00f4ster era obrigat\u00f3ria.<\/p>\n<p>&#8211; Demais pessoas (estudantes, servidores, egressos, externos) que tiveram os trabalhos aceitos, incluindo aqueles submetidos para o 14\u00b0 Simp\u00f3sio de P\u00f3s-Gradua\u00e7\u00e3o.<\/p>\n<p>Se forem identificadas mais de uma inscri\u00e7\u00e3o, vamos considerar somente a \u00faltima.<\/p>\n<p>Aten\u00e7\u00e3o: Para fins de sustentabilidade, sugerimos que a impress\u00e3o do p\u00f4ster seja feita em papel, mas deve conter as varetas de sustenta\u00e7\u00e3o, as quais ser\u00e3o encaixadas no porta banner. As informa\u00e7\u00f5es sobre o modelo do p\u00f4ster est\u00e3o no menu Apresenta\u00e7\u00f5es, no site josif.ifsuldeminas.edu.br<\/p>\n<p>17\u00aa Jornada Cient\u00edfica e Tecnol\u00f3gica e 14\u00ba Simp\u00f3sio da P\u00f3s-Gradua\u00e7\u00e3o do IFSULDEMINAS &#8211; JOSIF 2025 &#8211; 05 a 07 de novembro de 2025 no campus Passos.<\/p>\n<p>Aten\u00e7\u00e3o: sua presen\u00e7a ser\u00e1 verificada no dia do evento, no credenciamento.&nbsp;<\/p>\n<h2><a href=\"https:\/\/forms.gle\/GBxAwiGh935MrNGPA\" target=\"_blank\" rel=\"noopener\">Clique Aqui!!!<\/a><\/h2>\n<p><\/p>\n<h1><\/h1>\n<h1><\/h1>\n<h1><br><\/h1>\n<h1><br><\/h1>\n<h1>Inscri\u00e7\u00e3o como OUVINTE<\/h1>\n<ul>\n<li style=\"list-style-type: none;\">\n<ul><\/ul>\n<\/li>\n<\/ul>\n<p>Quem pode fazer inscri\u00e7\u00e3o como OUVINTE?<\/p>\n<p>&#8211; quem s\u00f3 vai ao evento para assistir \u00e0s palestras ou apresenta\u00e7\u00f5es orais\/p\u00f4ster.<\/p>\n<p>&#8211; coautores que n\u00e3o ir\u00e3o apresentar nas formas oral ou p\u00f4ster, incluindo os orientadores (caso existam).<\/p>\n<p>&#8211; servidores ou convidados que tamb\u00e9m ir\u00e3o atuar como avaliadores.<\/p>\n<p><\/p>\n<p>Aten\u00e7\u00e3o: se voc\u00ea teve um artigo aceito e ir\u00e1 atuar como apresentador no mesmo, seja na modalidade oral ou p\u00f4ster, FAVOR N\u00c3O FAZER INSCRI\u00c7\u00c3O AQUI.<\/p>\n<p>Veja em josif.ifsuldeminas.edu.br os links espec\u00edficos para inscri\u00e7\u00e3o de apresenta\u00e7\u00e3o de resumo expandido na forma oral ou p\u00f4ster.<\/p>\n<p><\/p>\n<p>Se forem identificadas mais de uma inscri\u00e7\u00e3o, vamos considerar somente a \u00faltima.<\/p>\n<p><\/p>\n<p>17\u00aa Jornada Cient\u00edfica e Tecnol\u00f3gica e 14\u00ba Simp\u00f3sio da P\u00f3s-Gradua\u00e7\u00e3o do IFSULDEMINAS &#8211; JOSIF 2025 &#8211; 05 a 07 de novembro de 2025 no campus Passos<\/p>\n<p>Aten\u00e7\u00e3o: sua presen\u00e7a ser\u00e1 verificada no dia do evento.<\/p>\n<h2><a href=\"https:\/\/forms.gle\/j1cmgaBHSjoGG86u6\" target=\"_blank\" rel=\"noopener\">Clique Aqui!!!<\/a><\/h2>\n<p><\/p>\t\t\t\t\t\t\t\t<\/div>\n\t\t\t\t<\/div>\n\t\t\t\t\t<\/div>\n\t\t<\/div>\n\t\t\t\t\t<\/div>\n\t\t<\/section>\n\t\t\t\t<\/div>\n\t\t","protected":false},"excerpt":{"rendered":"<p>PROGRAMA\u00c7\u00c3O DAS APRESENTA\u00c7\u00d5ES Lista dos trabalhos aprovados por dia de apresenta\u00e7\u00e3o!!!\u00a0 Veja a lista de trabalhos aprovados (P\u00f4steres)\u00a0clicando aqui. Veja a lista de trabalhos aprovados (Orais)\u00a0clicando aqui. \u00a0 (*)\u00a0As apresenta\u00e7\u00f5es de trabalhos na forma oral e p\u00f4ster, por \u00e1reas, est\u00e3o assim divididas: Grupo 1 &#8211; 05\/11\/2025 &#8211;\u00a0Quarta-Feira:\u00a0Ci\u00eancia da Computa\u00e7\u00e3o; Ci\u00eancia [&hellip;]<\/p>\n","protected":false},"author":1,"featured_media":0,"parent":0,"menu_order":0,"comment_status":"closed","ping_status":"closed","template":"","meta":{"footnotes":""},"class_list":["post-917","page","type-page","status-publish","hentry"],"_links":{"self":[{"href":"https:\/\/josif.ifsuldeminas.edu.br\/index.php\/wp-json\/wp\/v2\/pages\/917","targetHints":{"allow":["GET"]}}],"collection":[{"href":"https:\/\/josif.ifsuldeminas.edu.br\/index.php\/wp-json\/wp\/v2\/pages"}],"about":[{"href":"https:\/\/josif.ifsuldeminas.edu.br\/index.php\/wp-json\/wp\/v2\/types\/page"}],"author":[{"embeddable":true,"href":"https:\/\/josif.ifsuldeminas.edu.br\/index.php\/wp-json\/wp\/v2\/users\/1"}],"replies":[{"embeddable":true,"href":"https:\/\/josif.ifsuldeminas.edu.br\/index.php\/wp-json\/wp\/v2\/comments?post=917"}],"version-history":[{"count":282,"href":"https:\/\/josif.ifsuldeminas.edu.br\/index.php\/wp-json\/wp\/v2\/pages\/917\/revisions"}],"predecessor-version":[{"id":3327,"href":"https:\/\/josif.ifsuldeminas.edu.br\/index.php\/wp-json\/wp\/v2\/pages\/917\/revisions\/3327"}],"wp:attachment":[{"href":"https:\/\/josif.ifsuldeminas.edu.br\/index.php\/wp-json\/wp\/v2\/media?parent=917"}],"curies":[{"name":"wp","href":"https:\/\/api.w.org\/{rel}","templated":true}]}}