{"id":825,"date":"2022-10-10T09:18:08","date_gmt":"2022-10-10T12:18:08","guid":{"rendered":"https:\/\/josif.ifsuldeminas.edu.br\/?page_id=825"},"modified":"2025-11-04T14:21:42","modified_gmt":"2025-11-04T17:21:42","slug":"apresentacao-de-trabalho","status":"publish","type":"page","link":"https:\/\/josif.ifsuldeminas.edu.br\/index.php\/apresentacao-de-trabalho\/","title":{"rendered":"Apresenta\u00e7\u00f5es"},"content":{"rendered":"\t\t<div data-elementor-type=\"wp-page\" data-elementor-id=\"825\" class=\"elementor elementor-825\">\n\t\t\t\t\t\t<section class=\"elementor-section elementor-top-section elementor-element elementor-element-17e9bb8 elementor-section-boxed elementor-section-height-default elementor-section-height-default\" data-id=\"17e9bb8\" data-element_type=\"section\" data-e-type=\"section\">\n\t\t\t\t\t\t<div class=\"elementor-container elementor-column-gap-default\">\n\t\t\t\t\t<div class=\"elementor-column elementor-col-100 elementor-top-column elementor-element elementor-element-2bdcd26\" data-id=\"2bdcd26\" data-element_type=\"column\" data-e-type=\"column\">\n\t\t\t<div class=\"elementor-widget-wrap elementor-element-populated\">\n\t\t\t\t\t\t<div class=\"elementor-element elementor-element-b22bdf8 elementor-widget elementor-widget-text-editor\" data-id=\"b22bdf8\" data-element_type=\"widget\" data-e-type=\"widget\" data-widget_type=\"text-editor.default\">\n\t\t\t\t<div class=\"elementor-widget-container\">\n\t\t\t\t\t\t\t\t\t<p style=\"text-align: justify;\"><!--\n<b style=\"font-size: inherit; background-color: #242525; color: #e5e0d8; --wp-dark-mode-inline-bgcolor: #272828; --wp-dark-mode-inline-color: #d1ccc2;\" data-darkreader-inline-bgcolor=\"\" data-darkreader-inline-color=\"\">\n\n\nAcesse abaixo para verificar os resultados das apresenta\u00e7\u00f5es na 16\u00aa Jornada Cient\u00edfica e Tecnol\u00f3gica e 13\u00ba Simp\u00f3sio de P\u00f3s-Gradua\u00e7\u00e3o do IFSULDEMINAS, nas modalidades oral, p\u00f4ster\/banner e sigilosa. <\/b>\n\n--><\/p>\n<div>\u00a0<\/div>\t\t\t\t\t\t\t\t<\/div>\n\t\t\t\t<\/div>\n\t\t\t\t\t<\/div>\n\t\t<\/div>\n\t\t\t\t\t<\/div>\n\t\t<\/section>\n\t\t\t\t<section class=\"elementor-section elementor-top-section elementor-element elementor-element-4566e64 elementor-section-boxed elementor-section-height-default elementor-section-height-default\" data-id=\"4566e64\" data-element_type=\"section\" data-e-type=\"section\">\n\t\t\t\t\t\t<div class=\"elementor-container elementor-column-gap-default\">\n\t\t\t\t\t<div class=\"elementor-column elementor-col-100 elementor-top-column elementor-element elementor-element-eb5307b\" data-id=\"eb5307b\" data-element_type=\"column\" data-e-type=\"column\">\n\t\t\t<div class=\"elementor-widget-wrap elementor-element-populated\">\n\t\t\t\t\t\t<div class=\"elementor-element elementor-element-356cfe47 elementor-widget elementor-widget-text-editor\" data-id=\"356cfe47\" data-element_type=\"widget\" data-e-type=\"widget\" data-widget_type=\"text-editor.default\">\n\t\t\t\t<div class=\"elementor-widget-container\">\n\t\t\t\t\t\t\t\t\t<p><strong>ATEN\u00c7\u00c3O APRESENTADORES DE TRABALHO NA JOSIF 2025:<\/strong><br \/>A escolha por apresenta\u00e7\u00e3o de trabalho no formato oral, p\u00f4ster ou pitch deve ser realizada de acordo com o Edital de fomento da sua pesquisa. Os autores (orientador e bolsista) s\u00e3o respons\u00e1veis pela confirma\u00e7\u00e3o dessa informa\u00e7\u00e3o em seu edital. Caso o edital n\u00e3o explicite o formato obrigat\u00f3rio de apresenta\u00e7\u00e3o, esse dever\u00e1 ser do tipo p\u00f4ster.<\/p>\n<p><\/p>\n<p><!-- \/wp:paragraph --><\/p>\n<p><!-- wp:paragraph --><\/p>\n<p><strong>Aten\u00e7\u00e3o bolsistas e orientadores de editais FAPEMIG e CNPq:<\/strong><\/p>\n<p><!-- \/wp:paragraph --><\/p>\n<p><!-- wp:paragraph --><\/p>\n<p>\u2013 PIBIC (cursos superiores): \u00c9 obrigat\u00f3ria a participa\u00e7\u00e3o do bolsista como apresentador de seu trabalho em forma de comunica\u00e7\u00e3o oral*<br \/>\u2013 PIBIT (cursos superiores): \u00c9 obrigat\u00f3ria a participa\u00e7\u00e3o do bolsista como apresentador de seu trabalho em forma de comunica\u00e7\u00e3o oral, em sala sigilosa*<br \/>*\u00c9 obrigat\u00f3rio o acompanhamento do orientador durante a apresenta\u00e7\u00e3o do bolsista e como avaliador de outros trabalhos.<\/p>\n<p><\/p>\n<p><!-- \/wp:paragraph --><\/p>\n<p><!-- wp:paragraph --><\/p>\n<p><strong>Instru\u00e7\u00f5es para apresenta\u00e7\u00e3o de Trabalho Oral:<\/strong><\/p>\n<p><!-- \/wp:paragraph --><\/p>\n<p><!-- wp:list --><\/p>\n<ul>\n<li style=\"list-style-type: none;\">\n<ul><!-- wp:list-item --><\/ul>\n<\/li>\n<\/ul>\n<ul>\n<li style=\"list-style-type: none;\">\n<ul>\n<li>A publica\u00e7\u00e3o e apresenta\u00e7\u00e3o do trabalho est\u00e3o condicionados \u00e0 aprova\u00e7\u00e3o do mesmo na plataforma;<\/li>\n<\/ul>\n<\/li>\n<\/ul>\n<p><!-- \/wp:list-item --><\/p>\n<p><!-- wp:list-item --><\/p>\n<ul>\n<li style=\"list-style-type: none;\">\n<ul>\n<li>A apresenta\u00e7\u00e3o ser\u00e1 feita de forma presencial;<\/li>\n<\/ul>\n<\/li>\n<\/ul>\n<p><!-- \/wp:list-item --><\/p>\n<p><!-- wp:list-item --><\/p>\n<ul>\n<li style=\"list-style-type: none;\">\n<ul>\n<li>O orientador deve acompanhar seu orientado na apresenta\u00e7\u00e3o;<\/li>\n<\/ul>\n<\/li>\n<\/ul>\n<p><!-- \/wp:list-item --><\/p>\n<p><!-- wp:list-item --><\/p>\n<ul>\n<li style=\"list-style-type: none;\">\n<ul>\n<li>As salas das sess\u00f5es de apresenta\u00e7\u00e3o oral ser\u00e3o equipadas com data show;<\/li>\n<\/ul>\n<\/li>\n<\/ul>\n<p><!-- \/wp:list-item --><\/p>\n<p><!-- wp:list-item --><\/p>\n<ul>\n<li style=\"list-style-type: none;\">\n<ul>\n<li>A data e hor\u00e1rio de sua apresenta\u00e7\u00e3o ser\u00e1 divulgada no site do evento, conforme o cronograma de datas. N\u00e3o ser\u00e1 poss\u00edvel solicita\u00e7\u00e3o de altera\u00e7\u00e3o de datas e nem de hor\u00e1rios da apresenta\u00e7\u00e3o;<\/li>\n<\/ul>\n<\/li>\n<\/ul>\n<p><!-- \/wp:list-item --><\/p>\n<p><!-- wp:list-item --><\/p>\n<ul>\n<li style=\"list-style-type: none;\">\n<ul>\n<li>O apresentador deve preparar e levar sua apresenta\u00e7\u00e3o salva nos formatos .ppt (Power Point) e PDF de acordo com modelo dispon\u00edvel aqui (em breve). <!-- <a href=\"https:\/\/docs.google.com\/presentation\/d\/1kCDgtn7O16MMcjJ-S_DZPOMJQ24Zvi_Z\/edit?usp=sharing&amp;ouid=100571836002046762880&amp;rtpof=true&amp;sd=true\">aqui<\/a>.--><\/li>\n<\/ul>\n<\/li>\n<\/ul>\n<p><!-- \/wp:list-item --><\/p>\n<p><!-- wp:list-item --><\/p>\n<ul>\n<li style=\"list-style-type: none;\">\n<ul>\n<li>O tempo m\u00e1ximo de apresenta\u00e7\u00e3o de cada trabalho \u00e9 de 10 minutos.<\/li>\n<\/ul>\n<\/li>\n<\/ul>\n<p><!-- \/wp:list-item --><\/p>\n<p><!-- wp:list-item --><\/p>\n<ul>\n<li style=\"list-style-type: none;\">\n<ul>\n<li>N\u00e3o ser\u00e3o aceitas apresenta\u00e7\u00f5es gravadas;<\/li>\n<\/ul>\n<\/li>\n<\/ul>\n<p><!-- \/wp:list-item --><\/p>\n<p><!-- wp:list-item --><\/p>\n<ul>\n<li style=\"list-style-type: none;\">\n<ul>\n<li>Para garantir o bom funcionamento das sess\u00f5es, recomendamos que se dirija \u00e0 sala onde ser\u00e1 apresentado o trabalho 20 minutos antes do in\u00edcio das sess\u00f5es para carregar e testar os arquivos das apresenta\u00e7\u00f5es.<\/li>\n<\/ul>\n<\/li>\n<\/ul>\n<p><!-- \/wp:list-item --><\/p>\n<p><!-- \/wp:list --><\/p>\n<p><!-- wp:paragraph --><\/p>\n<p><strong>Instru\u00e7\u00f5es para apresenta\u00e7\u00e3o tipo p\u00f4ster\/banner:<\/strong><\/p>\n<p><!-- \/wp:paragraph --><\/p>\n<p><!-- wp:list --><\/p>\n<ul>\n<li style=\"list-style-type: none;\">\n<ul><!-- wp:list-item --><\/ul>\n<\/li>\n<\/ul>\n<ul>\n<li style=\"list-style-type: none;\">\n<ul>\n<li>A publica\u00e7\u00e3o e apresenta\u00e7\u00e3o do trabalho est\u00e3o condicionados \u00e0 aprova\u00e7\u00e3o do mesmo na plataforma;<\/li>\n<\/ul>\n<\/li>\n<\/ul>\n<p><!-- \/wp:list-item --><\/p>\n<p><!-- wp:list-item --><\/p>\n<ul>\n<li style=\"list-style-type: none;\">\n<ul>\n<li>O p\u00f4ster deve ser preparado de acordo com o modelo dispon\u00edvel <a href=\"https:\/\/docs.google.com\/presentation\/d\/1KJGxPthiFCV-0zE0YvW9LzZgn9JsbeQmurvLLRSRr9c\/edit?usp=sharing\" target=\"_blank\" rel=\"noopener\">aqui<\/a> (medidas do p\u00f4ster: 90\u00d7120 cm)<\/li>\n<\/ul>\n<\/li>\n<\/ul>\n<p><!-- \/wp:list-item --><\/p>\n<p><!-- wp:list-item --><\/p>\n<ul>\n<li style=\"list-style-type: none;\">\n<ul>\n<li>O preparo e impress\u00e3o do p\u00f4ster s\u00e3o de responsabilidade dos autores e apresentador;<\/li>\n<\/ul>\n<\/li>\n<\/ul>\n<p><!-- \/wp:list-item --><\/p>\n<p><!-- wp:list-item --><\/p>\n<ul>\n<li style=\"list-style-type: none;\">\n<ul>\n<li>A data e hor\u00e1rio de sua apresenta\u00e7\u00e3o ser\u00e1 divulgada no site do evento conforme o cronograma de datas. N\u00e3o ser\u00e1 poss\u00edvel solicita\u00e7\u00e3o de altera\u00e7\u00e3o de datas e nem de hor\u00e1rios da apresenta\u00e7\u00e3o;<\/li>\n<\/ul>\n<\/li>\n<\/ul>\n<p><!-- \/wp:list-item --><\/p>\n<p><!-- \/wp:list --><\/p>\n<p><!-- wp:paragraph --><\/p>\n<p><strong>Instru\u00e7\u00f5es para apresenta\u00e7\u00e3o de trabalhos de inova\u00e7\u00e3o tipo <em>Pitch <\/em>sigiloso:<\/strong><\/p>\n<p><span>Veja a lista de trabalhos sigilosos aprovados <\/span><a href=\"https:\/\/docs.google.com\/spreadsheets\/d\/1W0tIIDZHQ4_PVdBhGMGcEjs8qlcljinLHdD4Gjzr5Gs\/edit?gid=1848840845#gid=1848840845\" target=\"_blank\" rel=\"noopener\">clicando aqui<\/a><span>.<\/span><\/p>\n<p><!-- \/wp:paragraph --><\/p>\n<p><!-- wp:list --><\/p>\n<ul>\n<li style=\"list-style-type: none;\">\n<ul><!-- wp:list-item --><\/ul>\n<\/li>\n<\/ul>\n<ul>\n<li style=\"list-style-type: none;\">\n<ul>\n<li>A apresenta\u00e7\u00e3o ser\u00e1 feita de forma presencial em sala sigilosa;<\/li>\n<\/ul>\n<\/li>\n<\/ul>\n<p><!-- \/wp:list-item --><\/p>\n<p><!-- wp:list-item --><\/p>\n<ul>\n<li style=\"list-style-type: none;\">\n<ul>\n<li>O orientador deve acompanhar seu orientado na apresenta\u00e7\u00e3o;<\/li>\n<\/ul>\n<\/li>\n<\/ul>\n<p><!-- \/wp:list-item --><\/p>\n<p><!-- wp:list-item --><\/p>\n<ul>\n<li style=\"list-style-type: none;\">\n<ul>\n<li>A data e hor\u00e1rio de sua apresenta\u00e7\u00e3o ser\u00e1 divulgada no site do evento conforme cronograma de datas. N\u00e3o ser\u00e1 poss\u00edvel solicita\u00e7\u00e3o de altera\u00e7\u00e3o de datas e nem de hor\u00e1rios da apresenta\u00e7\u00e3o;<\/li>\n<\/ul>\n<\/li>\n<\/ul>\n<p><!-- \/wp:list-item --><\/p>\n<p><!-- wp:list-item --><\/p>\n<ul>\n<li style=\"list-style-type: none;\">\n<ul>\n<li>O tempo m\u00e1ximo de apresenta\u00e7\u00e3o de cada trabalho \u00e9 de 5 minutos;<\/li>\n<\/ul>\n<\/li>\n<\/ul>\n<p><!-- \/wp:list-item --><\/p>\n<p><!-- wp:list-item --><\/p>\n<ul>\n<li style=\"list-style-type: none;\">\n<ul>\n<li>N\u00e3o ser\u00e3o aceitas apresenta\u00e7\u00f5es gravadas;<\/li>\n<\/ul>\n<\/li>\n<\/ul>\n<p><!-- \/wp:list-item --><\/p>\n<p><!-- wp:list-item --><\/p>\n<ul>\n<li style=\"list-style-type: none;\">\n<ul>\n<li>A sala ser\u00e1 equipada com datashow e quadro branco. A apresenta\u00e7\u00e3o com slides \u00e9 opcional. Caso fa\u00e7a uso de slides, o apresentador dever\u00e1 levar seu trabalho nos formatos PPT (Power Point) e PDF. E, caso deseje, pode usar o mesmo modelo da apresenta\u00e7\u00e3o oral ou modelo livre;<\/li>\n<\/ul>\n<\/li>\n<\/ul>\n<p><!-- \/wp:list-item --><\/p>\n<p><!-- wp:list-item --><\/p>\n<ul>\n<li style=\"list-style-type: none;\">\n<ul>\n<li>Para garantir o bom funcionamento das sess\u00f5es, recomendamos que se dirija \u00e0 sala onde ser\u00e1 apresentado o trabalho 20 minutos antes do in\u00edcio das sess\u00f5es para carregar e testar os arquivos das apresenta\u00e7\u00f5es.<\/li>\n<\/ul>\n<\/li>\n<\/ul>\n<p><!-- \/wp:list-item --><\/p>\n<p><!-- \/wp:list --><\/p>\n<p><!-- wp:paragraph --><\/p>\n<p><strong>Instru\u00e7\u00f5es para apresenta\u00e7\u00e3o de Relatos de Pesquisas oriundas de trabalhos de servidores do IFSULDEMINAS em afastamento para capacita\u00e7\u00e3o (disserta\u00e7\u00f5es e teses defendidas nos \u00faltimos 5 anos: 10\/2019-09\/2024).<\/strong><\/p>\n<p><!-- \/wp:paragraph --><\/p>\n<p><!-- wp:list --><\/p>\n<ul>\n<li style=\"list-style-type: none;\">\n<ul><!-- wp:list-item --><\/ul>\n<\/li>\n<\/ul>\n<ul>\n<li style=\"list-style-type: none;\">\n<ul>\n<li>Seguir\u00e1 as mesmas instru\u00e7\u00f5es para apresenta\u00e7\u00e3o de Trabalho Oral.<\/li>\n<\/ul>\n<\/li>\n<\/ul>\n<p><!-- \/wp:list-item --><\/p>\n<p><!-- \/wp:list --><\/p>\n<p><!-- wp:paragraph --><\/p>\n<p><strong>CERTIFICA\u00c7\u00c3O DE APRESENTA\u00c7\u00c3O DE TRABALHOS:<\/strong><\/p>\n<p><!-- \/wp:paragraph --><\/p>\n<p><!-- wp:paragraph --><\/p>\n<p>O apresentador receber\u00e1 o certificado de apresenta\u00e7\u00e3o do trabalho desde que tenha cumprido os requisitos para apresenta\u00e7\u00e3o citados acima;<br \/>No certificado do apresentador constar\u00e1 t\u00edtulo do trabalho e autoria (nesse sentido o apresentador poder\u00e1 compartilhar o certificado com os demais autores para comprova\u00e7\u00e3o de publica\u00e7\u00e3o).<\/p>\n<p><!-- \/wp:paragraph --><\/p>\n<p><!-- wp:paragraph --><\/p>\n<p><!-- \/wp:paragraph --><\/p>\n<p><!-- wp:paragraph --><\/p>\n<p><strong><a href=\"https:\/\/docs.google.com\/presentation\/d\/1KJGxPthiFCV-0zE0YvW9LzZgn9JsbeQmurvLLRSRr9c\/edit?usp=sharing\" target=\"_blank\" rel=\"noopener\">Download<\/a> do Modelo de banner para a apresenta\u00e7\u00e3o tipo P\u00f4ster\/Banner.<\/strong><\/p>\n<p><!-- \/wp:paragraph --><\/p>\n<p><!-- wp:paragraph --><\/p>\n<p><a href=\"https:\/\/josif.ifsuldeminas.edu.br\/index.php\/704-2\/\" target=\"_blank\" style=\"background-color: #242525; --wp-dark-mode-inline-bgcolor: #272828;\" data-darkreader-inline-bgcolor=\"\" rel=\"noopener\"><b>Download<\/b><\/a><strong>\u00a0do Modelo de slides para a apresenta\u00e7\u00e3o oral.<\/strong><\/p>\n<p><!-- \/wp:paragraph --><\/p>\t\t\t\t\t\t\t\t<\/div>\n\t\t\t\t<\/div>\n\t\t\t\t\t<\/div>\n\t\t<\/div>\n\t\t\t\t\t<\/div>\n\t\t<\/section>\n\t\t\t\t<section class=\"elementor-section elementor-top-section elementor-element elementor-element-255db9e elementor-section-boxed elementor-section-height-default elementor-section-height-default\" data-id=\"255db9e\" data-element_type=\"section\" data-e-type=\"section\">\n\t\t\t\t\t\t<div class=\"elementor-container elementor-column-gap-default\">\n\t\t\t\t\t<div class=\"elementor-column elementor-col-50 elementor-top-column elementor-element elementor-element-6112ff6\" data-id=\"6112ff6\" data-element_type=\"column\" data-e-type=\"column\">\n\t\t\t<div class=\"elementor-widget-wrap elementor-element-populated\">\n\t\t\t\t\t\t\t<\/div>\n\t\t<\/div>\n\t\t\t\t<div class=\"elementor-column elementor-col-50 elementor-top-column elementor-element elementor-element-bc4584d\" data-id=\"bc4584d\" data-element_type=\"column\" data-e-type=\"column\">\n\t\t\t<div class=\"elementor-widget-wrap elementor-element-populated\">\n\t\t\t\t\t\t\t<\/div>\n\t\t<\/div>\n\t\t\t\t\t<\/div>\n\t\t<\/section>\n\t\t\t\t<section class=\"elementor-section elementor-top-section elementor-element elementor-element-be4af43 elementor-section-boxed elementor-section-height-default elementor-section-height-default\" data-id=\"be4af43\" data-element_type=\"section\" data-e-type=\"section\">\n\t\t\t\t\t\t<div class=\"elementor-container elementor-column-gap-default\">\n\t\t\t\t\t<div class=\"elementor-column elementor-col-50 elementor-top-column elementor-element elementor-element-b016cf4\" data-id=\"b016cf4\" data-element_type=\"column\" data-e-type=\"column\">\n\t\t\t<div class=\"elementor-widget-wrap elementor-element-populated\">\n\t\t\t\t\t\t\t<\/div>\n\t\t<\/div>\n\t\t\t\t<div class=\"elementor-column elementor-col-50 elementor-top-column elementor-element elementor-element-80a6204\" data-id=\"80a6204\" data-element_type=\"column\" data-e-type=\"column\">\n\t\t\t<div class=\"elementor-widget-wrap elementor-element-populated\">\n\t\t\t\t\t\t\t<\/div>\n\t\t<\/div>\n\t\t\t\t\t<\/div>\n\t\t<\/section>\n\t\t\t\t<\/div>\n\t\t","protected":false},"excerpt":{"rendered":"<p>\u00a0 ATEN\u00c7\u00c3O APRESENTADORES DE TRABALHO NA JOSIF 2025:A escolha por apresenta\u00e7\u00e3o de trabalho no formato oral, p\u00f4ster ou pitch deve ser realizada de acordo com o Edital de fomento da sua pesquisa. Os autores (orientador e bolsista) s\u00e3o respons\u00e1veis pela confirma\u00e7\u00e3o dessa informa\u00e7\u00e3o em seu edital. Caso o edital n\u00e3o [&hellip;]<\/p>\n","protected":false},"author":1,"featured_media":0,"parent":0,"menu_order":0,"comment_status":"closed","ping_status":"closed","template":"","meta":{"footnotes":""},"class_list":["post-825","page","type-page","status-publish","hentry"],"_links":{"self":[{"href":"https:\/\/josif.ifsuldeminas.edu.br\/index.php\/wp-json\/wp\/v2\/pages\/825","targetHints":{"allow":["GET"]}}],"collection":[{"href":"https:\/\/josif.ifsuldeminas.edu.br\/index.php\/wp-json\/wp\/v2\/pages"}],"about":[{"href":"https:\/\/josif.ifsuldeminas.edu.br\/index.php\/wp-json\/wp\/v2\/types\/page"}],"author":[{"embeddable":true,"href":"https:\/\/josif.ifsuldeminas.edu.br\/index.php\/wp-json\/wp\/v2\/users\/1"}],"replies":[{"embeddable":true,"href":"https:\/\/josif.ifsuldeminas.edu.br\/index.php\/wp-json\/wp\/v2\/comments?post=825"}],"version-history":[{"count":179,"href":"https:\/\/josif.ifsuldeminas.edu.br\/index.php\/wp-json\/wp\/v2\/pages\/825\/revisions"}],"predecessor-version":[{"id":3271,"href":"https:\/\/josif.ifsuldeminas.edu.br\/index.php\/wp-json\/wp\/v2\/pages\/825\/revisions\/3271"}],"wp:attachment":[{"href":"https:\/\/josif.ifsuldeminas.edu.br\/index.php\/wp-json\/wp\/v2\/media?parent=825"}],"curies":[{"name":"wp","href":"https:\/\/api.w.org\/{rel}","templated":true}]}}