{"id":712,"date":"2022-08-04T19:34:28","date_gmt":"2022-08-04T22:34:28","guid":{"rendered":"https:\/\/josif.ifsuldeminas.edu.br\/?page_id=712"},"modified":"2025-06-06T07:27:53","modified_gmt":"2025-06-06T10:27:53","slug":"sobre-o-evento-2","status":"publish","type":"page","link":"https:\/\/josif.ifsuldeminas.edu.br\/index.php\/sobre-o-evento-2\/","title":{"rendered":"Sobre o evento"},"content":{"rendered":"\t\t<div data-elementor-type=\"wp-page\" data-elementor-id=\"712\" class=\"elementor elementor-712\">\n\t\t\t\t\t\t<section class=\"elementor-section elementor-top-section elementor-element elementor-element-5bdbc648 elementor-section-boxed elementor-section-height-default elementor-section-height-default\" data-id=\"5bdbc648\" data-element_type=\"section\" data-e-type=\"section\">\n\t\t\t\t\t\t<div class=\"elementor-container elementor-column-gap-default\">\n\t\t\t\t\t<div class=\"elementor-column elementor-col-100 elementor-top-column elementor-element elementor-element-1ede00c8\" data-id=\"1ede00c8\" data-element_type=\"column\" data-e-type=\"column\">\n\t\t\t<div class=\"elementor-widget-wrap elementor-element-populated\">\n\t\t\t\t\t\t<div class=\"elementor-element elementor-element-1a6977d5 elementor-widget elementor-widget-text-editor\" data-id=\"1a6977d5\" data-element_type=\"widget\" data-e-type=\"widget\" data-widget_type=\"text-editor.default\">\n\t\t\t\t<div class=\"elementor-widget-container\">\n\t\t\t\t\t\t\t\t\t<p><!-- \/wp:paragraph --><\/p>\n<p><!-- wp:paragraph --><\/p>\n<p>A 17\u00aa Jornada Cient\u00edfica e Tecnol\u00f3gica e o 14\u00b0 Simp\u00f3sio de P\u00f3s-Gradua\u00e7\u00e3o do IFSULDEMINAS acontecer\u00e1 entre os dias 05 e 07 de novembro de 2025, no IFSULDEMINAS &#8211; Campus Passos.<\/p>\n<p><!-- \/wp:paragraph --><\/p>\n<p><!-- wp:paragraph --><\/p>\n<p>A Jornada Cient\u00edfica e Tecnol\u00f3gica foi criada a partir da iniciativa de docentes do IFSULDEMINAS \u2013 Campus Machado com o objetivo de divulgar a produ\u00e7\u00e3o cient\u00edfica das institui\u00e7\u00f5es de ensino, pesquisa e extens\u00e3o do sul de Minas e tamb\u00e9m ser um espa\u00e7o de troca de experi\u00eancias, incentivo \u00e0 pesquisa, forma\u00e7\u00e3o de estudantes e da socializa\u00e7\u00e3o dos conhecimentos constru\u00eddos nessas institui\u00e7\u00f5es.<\/p>\n<p><!-- \/wp:paragraph --><\/p>\n<p><!-- wp:paragraph --><\/p>\n<p>A primeira edi\u00e7\u00e3o do evento (2009) contou com a participa\u00e7\u00e3o de 985 pessoas, com 115 trabalhos publicados.<\/p>\n<p><!-- \/wp:paragraph --><\/p>\n<p><!-- wp:paragraph --><\/p>\n<p>Em 2010, o evento cient\u00edfico foi realizado novamente pelos servidores do IFSULDEMINAS \u2013 Campus Machado e, desta vez, 48 trabalhos foram apresentados aos presentes em forma de comunica\u00e7\u00e3o oral e de p\u00f4ster a toda comunidade acad\u00eamica.<\/p>\n<p><!-- \/wp:paragraph --><\/p>\n<p><!-- wp:paragraph --><\/p>\n<p>O evento foi institucionalizado em 2011, quando passou a ser gerenciado pela Pr\u00f3-Reitoria de Pesquisa, P\u00f3s-Gradua\u00e7\u00e3o e Inova\u00e7\u00e3o (PPPI) e realizado a cada ano em um dos campi do IFSULDEMINAS, ficando sob a responsabilidade do N\u00facleo Institucional de Pesquisa e Extens\u00e3o (NIPE) do campus que sedia o evento.<\/p>\n<p><!-- \/wp:paragraph --><\/p>\n<p><!-- wp:paragraph --><\/p>\n<p>A terceira edi\u00e7\u00e3o do evento foi realizada tamb\u00e9m no campus Machado, onde reuniram-se cerca de 300 pessoas e 113 trabalhos publicados.<\/p>\n<p><!-- \/wp:paragraph --><\/p>\n<p><!-- wp:paragraph --><\/p>\n<p>A quarta edi\u00e7\u00e3o foi realizada no campus Muzambinho e somou-se o Simp\u00f3sio de P\u00f3s-Gradua\u00e7\u00e3o. Assim, em 2012, a 4\u00aa Jornada Cient\u00edfica e Tecnol\u00f3gica e o 1\u00ba Simp\u00f3sio de P\u00f3s-Gradua\u00e7\u00e3o do IFSULDEMINAS contaram com a exposi\u00e7\u00e3o de 183 trabalhos.<\/p>\n<p><!-- \/wp:paragraph --><\/p>\n<p><!-- wp:paragraph --><\/p>\n<p>Em 2013, aconteceu a 5\u00aa edi\u00e7\u00e3o da Jornada Cient\u00edfica e 2\u00ba Simp\u00f3sio de P\u00f3s-gradua\u00e7\u00e3o do IFSULDEMINAS sediados pelo campus Inconfidentes contando com 233 publica\u00e7\u00f5es.<\/p>\n<p><!-- \/wp:paragraph --><\/p>\n<p><!-- wp:paragraph --><\/p>\n<p>Em 2014, a 6\u00aa edi\u00e7\u00e3o da Jornada Cient\u00edfica e o 3\u00ba Simp\u00f3sio de P\u00f3s-gradua\u00e7\u00e3o no campus Pouso Alegre, 326 foram aceitos e publicados.<\/p>\n<p><!-- \/wp:paragraph --><\/p>\n<p><!-- wp:paragraph --><\/p>\n<p>No ano seguinte (2015), a 7\u00aa Jornada Cient\u00edfica e o 4\u00ba Simp\u00f3sio de P\u00f3s-Gradua\u00e7\u00e3o receberam a submiss\u00e3o de 592 trabalhos no campus Po\u00e7os de Caldas com a participa\u00e7\u00e3o de 887 pessoas.<\/p>\n<p><!-- \/wp:paragraph --><\/p>\n<p><!-- wp:paragraph --><\/p>\n<p>O IFSULDEMINAS \u2013 Campus Passos sediou da 8\u00aa Jornada Cient\u00edfica e do 5\u00ba Simp\u00f3sio de P\u00f3s-Gradua\u00e7\u00e3o em 2016, recebeu 1.011 pessoas para participarem dos eventos, onde foram apresentados 668 trabalhos.<\/p>\n<p><!-- \/wp:paragraph --><\/p>\n<p><!-- wp:paragraph --><\/p>\n<p>Na 9\u00aa edi\u00e7\u00e3o da Jornada Cient\u00edfica e o 6\u00ba Simp\u00f3sio de P\u00f3s-Gradua\u00e7\u00e3o, realizados em 2017 no Campus Machado, reuniram-se 1.400 pessoas e contou com 541 trabalhos.<\/p>\n<p><!-- \/wp:paragraph --><\/p>\n<p><!-- wp:paragraph --><\/p>\n<p>A 10\u00aa Jornada Cient\u00edfica e Tecnol\u00f3gica e o 7\u00ba Simp\u00f3sio da P\u00f3s-Gradua\u00e7\u00e3o do IFSULDEMINAS, em 2018, ocorreram no Campus Muzambinho perfazendo uma participa\u00e7\u00e3o de 1.348 inscritos e 629 trabalhos publicados.<\/p>\n<p><!-- \/wp:paragraph --><\/p>\n<p><!-- wp:paragraph --><\/p>\n<p>Em 2019, a 11\u00aa Jornada Cient\u00edfica e Tecnol\u00f3gica e o 8\u00ba Simp\u00f3sio da P\u00f3s-Gradua\u00e7\u00e3o do IFSULDEMINAS foram realizados no Campus Inconfidentes contando com e contaram com 724 trabalhos.<\/p>\n<p><!-- \/wp:paragraph --><\/p>\n<p><!-- wp:paragraph --><\/p>\n<p>A 12\u00aa Jornada Cient\u00edfica e Tecnol\u00f3gica e o 9\u00b0 Simp\u00f3sio da P\u00f3s-Gradua\u00e7\u00e3o do IFSULDEMINAS, organizados pelo Campus Po\u00e7os de Caldas, foram realizados em 2020, que em fun\u00e7\u00e3o da pandemia do coronav\u00edrus, aconteceu de forma on-line com exposi\u00e7\u00e3o de 570 trabalhos.<\/p>\n<p><!-- \/wp:paragraph --><\/p>\n<p><!-- wp:paragraph --><\/p>\n<p>Em 2021, em fun\u00e7\u00e3o da pandemia, ambos eventos foram novamente realizados de forma on-line, desta vez sob a responsabilidade do Campus Passos.<\/p>\n<p><!-- \/wp:paragraph --><\/p>\n<p><!-- wp:paragraph --><\/p>\n<p>A 13\u00aa Jornada Cient\u00edfica e Tecnol\u00f3gica recebeu 332 trabalhos, ao passo que no 10\u00b0 Simp\u00f3sio da P\u00f3s-Gradua\u00e7\u00e3o, 35 trabalhos foram publicados.<\/p>\n<p><!-- \/wp:paragraph --><\/p>\n<p><!-- wp:paragraph --><\/p>\n<p>Em 2022, com a volta das atividades presenciais, o Campus Machado que comemorou seus 65 anos de exist\u00eancia, e sediou e organizou a 14\u00aa Jornada Cient\u00edfica e Tecnol\u00f3gica e 11\u00b0 Simp\u00f3sio da P\u00f3s-Gradua\u00e7\u00e3o do IFSULDEMINAS, que passou a ser denominado JOSIF, no formato totalmente presencial.<\/p>\n<p>Em 2023, a 15\u00aa edi\u00e7\u00e3o da Jornada Cient\u00edfica e 12\u00ba Simp\u00f3sio da P\u00f3s-Gradua\u00e7\u00e3o, em Muzambinho, que comemorou seus 70 anos junto ao evento. Foi realizada nos dias 24 a 26 de outubro com a apresenta\u00e7\u00e3o de 631 p\u00f4steres e 493 inscritos como ouvinte.<\/p>\n<p>Em 2024, a 16\u00aa edi\u00e7\u00e3o da Jornada cient\u00edfica e 13\u00ba Simp\u00f3sio da P\u00f3s-Gradua\u00e7\u00e3o, em Inconfidentes, mesmo ano em que o campus comemorou seus 106 anos. Ser\u00e1 realizado nos dias 11 a 13 de dezembro com a expectativa de mais de 600 trabalhos a serem submetidos e 900 participantes como ouvintes.<\/p>\n<div>\n<p><!-- \/wp:column --><\/p>\n<\/div>\n<p><!-- \/wp:columns --><\/p>\t\t\t\t\t\t\t\t<\/div>\n\t\t\t\t<\/div>\n\t\t\t\t\t<\/div>\n\t\t<\/div>\n\t\t\t\t\t<\/div>\n\t\t<\/section>\n\t\t\t\t<\/div>\n\t\t","protected":false},"excerpt":{"rendered":"<p>A 17\u00aa Jornada Cient\u00edfica e Tecnol\u00f3gica e o 14\u00b0 Simp\u00f3sio de P\u00f3s-Gradua\u00e7\u00e3o do IFSULDEMINAS acontecer\u00e1 entre os dias 05 e 07 de novembro de 2025, no IFSULDEMINAS &#8211; Campus Passos. A Jornada Cient\u00edfica e Tecnol\u00f3gica foi criada a partir da iniciativa de docentes do IFSULDEMINAS \u2013 Campus Machado com o [&hellip;]<\/p>\n","protected":false},"author":1,"featured_media":0,"parent":0,"menu_order":0,"comment_status":"closed","ping_status":"closed","template":"","meta":{"footnotes":""},"class_list":["post-712","page","type-page","status-publish","hentry"],"_links":{"self":[{"href":"https:\/\/josif.ifsuldeminas.edu.br\/index.php\/wp-json\/wp\/v2\/pages\/712","targetHints":{"allow":["GET"]}}],"collection":[{"href":"https:\/\/josif.ifsuldeminas.edu.br\/index.php\/wp-json\/wp\/v2\/pages"}],"about":[{"href":"https:\/\/josif.ifsuldeminas.edu.br\/index.php\/wp-json\/wp\/v2\/types\/page"}],"author":[{"embeddable":true,"href":"https:\/\/josif.ifsuldeminas.edu.br\/index.php\/wp-json\/wp\/v2\/users\/1"}],"replies":[{"embeddable":true,"href":"https:\/\/josif.ifsuldeminas.edu.br\/index.php\/wp-json\/wp\/v2\/comments?post=712"}],"version-history":[{"count":50,"href":"https:\/\/josif.ifsuldeminas.edu.br\/index.php\/wp-json\/wp\/v2\/pages\/712\/revisions"}],"predecessor-version":[{"id":2934,"href":"https:\/\/josif.ifsuldeminas.edu.br\/index.php\/wp-json\/wp\/v2\/pages\/712\/revisions\/2934"}],"wp:attachment":[{"href":"https:\/\/josif.ifsuldeminas.edu.br\/index.php\/wp-json\/wp\/v2\/media?parent=712"}],"curies":[{"name":"wp","href":"https:\/\/api.w.org\/{rel}","templated":true}]}}