{"id":704,"date":"2022-08-04T17:52:46","date_gmt":"2022-08-04T20:52:46","guid":{"rendered":"https:\/\/josif.ifsuldeminas.edu.br\/?page_id=704"},"modified":"2025-06-13T07:47:13","modified_gmt":"2025-06-13T10:47:13","slug":"704-2","status":"publish","type":"page","link":"https:\/\/josif.ifsuldeminas.edu.br\/index.php\/704-2\/","title":{"rendered":"Modelos e Tutoriais do Sistema de Submiss\u00e3o OJS"},"content":{"rendered":"\t\t<div data-elementor-type=\"wp-page\" data-elementor-id=\"704\" class=\"elementor elementor-704\">\n\t\t\t\t\t\t<section class=\"elementor-section elementor-top-section elementor-element elementor-element-36bda8a elementor-section-boxed elementor-section-height-default elementor-section-height-default\" data-id=\"36bda8a\" data-element_type=\"section\" data-e-type=\"section\">\n\t\t\t\t\t\t<div class=\"elementor-container elementor-column-gap-default\">\n\t\t\t\t\t<div class=\"elementor-column elementor-col-100 elementor-top-column elementor-element elementor-element-4fc727e9\" data-id=\"4fc727e9\" data-element_type=\"column\" data-e-type=\"column\">\n\t\t\t<div class=\"elementor-widget-wrap elementor-element-populated\">\n\t\t\t\t\t\t<div class=\"elementor-element elementor-element-7bd8c729 elementor-widget elementor-widget-text-editor\" data-id=\"7bd8c729\" data-element_type=\"widget\" data-e-type=\"widget\" data-widget_type=\"text-editor.default\">\n\t\t\t\t<div class=\"elementor-widget-container\">\n\t\t\t\t\t\t\t\t\t\n<p><\/p>\n\n\n\n<p><\/p>\n\n\n\n<p><\/p>\n\t\t\t\t\t\t\t\t<\/div>\n\t\t\t\t<\/div>\n\t\t\t\t\t<\/div>\n\t\t<\/div>\n\t\t\t\t\t<\/div>\n\t\t<\/section>\n\t\t\t\t<section class=\"elementor-section elementor-top-section elementor-element elementor-element-a4ea6e4 elementor-section-boxed elementor-section-height-default elementor-section-height-default\" data-id=\"a4ea6e4\" data-element_type=\"section\" data-e-type=\"section\">\n\t\t\t\t\t\t<div class=\"elementor-container elementor-column-gap-default\">\n\t\t\t\t\t<div class=\"elementor-column elementor-col-100 elementor-top-column elementor-element elementor-element-7cf2ca1\" data-id=\"7cf2ca1\" data-element_type=\"column\" data-e-type=\"column\">\n\t\t\t<div class=\"elementor-widget-wrap elementor-element-populated\">\n\t\t\t\t\t\t<div class=\"elementor-element elementor-element-31fc72b elementor-widget elementor-widget-text-editor\" data-id=\"31fc72b\" data-element_type=\"widget\" data-e-type=\"widget\" data-widget_type=\"text-editor.default\">\n\t\t\t\t<div class=\"elementor-widget-container\">\n\t\t\t\t\t\t\t\t\t<p>Manual de Como submeter um Resumo Expandido &#8211; <a href=\"https:\/\/drive.google.com\/file\/d\/1YyLtOP8qQbAKcfAXioYsd9yCBURL19-D\/view?usp=sharing\" target=\"_blank\" rel=\"noopener\">clique aqui para acessar o manual!<\/a><\/p>\n<p>Manual para o(a) Editor(a) de Modalidade &#8211; <a href=\"https:\/\/drive.google.com\/file\/d\/1vLz9hylGEOUrOXDU6RFlt9lMmCXvYgTL\/view?usp=sharing\" target=\"_blank\" rel=\"noopener\">clique aqui para acessar o manual!<\/a><\/p>\n<p>Manual para Avalia\u00e7\u00e3o dos Resumos Expandidos- <a href=\"https:\/\/drive.google.com\/file\/d\/1YvGiqzkuvYkKR2Su_cbbIPzOJn3OQ6WG\/view?usp=sharing\" target=\"_blank\" rel=\"noopener\">clique aqui para acessar o manual!<\/a><\/p>\n<p>Modelo de P\u00f4ster <a href=\"https:\/\/docs.google.com\/presentation\/d\/1KJGxPthiFCV-0zE0YvW9LzZgn9JsbeQmurvLLRSRr9c\/edit?usp=sharing\" target=\"_blank\" rel=\"noopener\">aqui<\/a>.<\/p>\n<p>Modelo de Resumo <a href=\"https:\/\/docs.google.com\/document\/d\/1jWVC2zD-8hCUVJ-EXRYx3X8R1Az7cYpu5G-KMwgsWHE\/edit?usp=sharing\" target=\"_blank\" rel=\"noopener\">aqui<\/a>.<\/p>\n<p>Modelo de Apresenta\u00e7\u00e3o de Slides <a href=\"https:\/\/docs.google.com\/presentation\/d\/1m_1Tl4RA6LCyZClE_lvSK2ZSpWnbEqvx\/edit?usp=sharing&amp;ouid=115903690348757790906&amp;rtpof=true&amp;sd=true\" target=\"_blank\" rel=\"noopener\">aqui<\/a>.<\/p>\t\t\t\t\t\t\t\t<\/div>\n\t\t\t\t<\/div>\n\t\t\t\t\t<\/div>\n\t\t<\/div>\n\t\t\t\t\t<\/div>\n\t\t<\/section>\n\t\t\t\t<\/div>\n\t\t","protected":false},"excerpt":{"rendered":"<p>Manual de Como submeter um Resumo Expandido &#8211; clique aqui para acessar o manual! Manual para o(a) Editor(a) de Modalidade &#8211; clique aqui para acessar o manual! Manual para Avalia\u00e7\u00e3o dos Resumos Expandidos- clique aqui para acessar o manual! Modelo de P\u00f4ster aqui. Modelo de Resumo aqui. Modelo de Apresenta\u00e7\u00e3o [&hellip;]<\/p>\n","protected":false},"author":1,"featured_media":0,"parent":0,"menu_order":0,"comment_status":"closed","ping_status":"closed","template":"","meta":{"footnotes":""},"class_list":["post-704","page","type-page","status-publish","hentry"],"_links":{"self":[{"href":"https:\/\/josif.ifsuldeminas.edu.br\/index.php\/wp-json\/wp\/v2\/pages\/704","targetHints":{"allow":["GET"]}}],"collection":[{"href":"https:\/\/josif.ifsuldeminas.edu.br\/index.php\/wp-json\/wp\/v2\/pages"}],"about":[{"href":"https:\/\/josif.ifsuldeminas.edu.br\/index.php\/wp-json\/wp\/v2\/types\/page"}],"author":[{"embeddable":true,"href":"https:\/\/josif.ifsuldeminas.edu.br\/index.php\/wp-json\/wp\/v2\/users\/1"}],"replies":[{"embeddable":true,"href":"https:\/\/josif.ifsuldeminas.edu.br\/index.php\/wp-json\/wp\/v2\/comments?post=704"}],"version-history":[{"count":48,"href":"https:\/\/josif.ifsuldeminas.edu.br\/index.php\/wp-json\/wp\/v2\/pages\/704\/revisions"}],"predecessor-version":[{"id":3040,"href":"https:\/\/josif.ifsuldeminas.edu.br\/index.php\/wp-json\/wp\/v2\/pages\/704\/revisions\/3040"}],"wp:attachment":[{"href":"https:\/\/josif.ifsuldeminas.edu.br\/index.php\/wp-json\/wp\/v2\/media?parent=704"}],"curies":[{"name":"wp","href":"https:\/\/api.w.org\/{rel}","templated":true}]}}