{"id":453,"date":"2022-07-03T19:41:45","date_gmt":"2022-07-03T22:41:45","guid":{"rendered":"https:\/\/josif.ifsuldeminas.edu.br\/?page_id=453"},"modified":"2024-04-11T16:38:32","modified_gmt":"2024-04-11T19:38:32","slug":"ifsuldeminas-josif-2022","status":"publish","type":"page","link":"https:\/\/josif.ifsuldeminas.edu.br\/index.php\/ifsuldeminas-josif-2022\/","title":{"rendered":"2022 &#8211; 14\u00aa Jornada Cient\u00edfica e Tecnol\u00f3gica   11\u00b0 Simp\u00f3sio de P\u00f3s-Gradua\u00e7\u00e3o   IFSULDEMINAS   16 a 18 de novembro"},"content":{"rendered":"\n<p><strong>Para navegar no site, use os itens de menu dispon\u00edveis no topo!<\/strong><\/p>\n\n\n\n<p><\/p>\n\n\n\n<p><\/p>\n\n\n\n<p><\/p>\n\n\n\n<p><\/p>\n\n\n\n<p class=\"has-text-align-center has-accent-color has-text-color\">Sua jornada come\u00e7a aqui!<\/p>\n\n\n\n<p class=\"has-text-align-center\">Venha viver uma experi\u00eancia cient\u00edfica e tecnol\u00f3gica conosco!<\/p>\n\n\n\n<div style=\"height:100px\" aria-hidden=\"true\" class=\"wp-block-spacer\"><\/div>\n\n\n\n<div class=\"wp-block-columns is-layout-flex wp-container-core-columns-is-layout-9d6595d7 wp-block-columns-is-layout-flex\">\n<div class=\"wp-block-column is-layout-flow wp-block-column-is-layout-flow\">\n<div class=\"wp-block-cover is-light\"><span aria-hidden=\"true\" class=\"wp-block-cover__background has-background-dim\"><\/span><div class=\"wp-block-cover__inner-container is-layout-flow wp-block-cover-is-layout-flow\">\n<p class=\"has-text-align-center\" style=\"font-size:32px\"><strong>O que \u00e9 o JOSIF?<\/strong><\/p>\n\n\n\n<p class=\"has-text-align-center\" style=\"font-size:15px\">A Jornada Cient\u00edfica e Tecnol\u00f3gica e o Simp\u00f3sio de P\u00f3s-Gradua\u00e7\u00e3o do IFSULDEMINAS s\u00e3o os maiores e mais importantes eventos cient\u00edficos da Institui\u00e7\u00e3o, integrando estudantes de cursos t\u00e9cnicos, gradua\u00e7\u00e3o e p\u00f3s-gradua\u00e7\u00e3o, bem como pesquisadores e seus estudos.<\/p>\n<\/div><\/div>\n<\/div>\n\n\n\n<div class=\"wp-block-column is-layout-flow wp-block-column-is-layout-flow\">\n<div class=\"wp-block-cover is-light\"><span aria-hidden=\"true\" class=\"wp-block-cover__background has-background-dim\"><\/span><div class=\"wp-block-cover__inner-container is-layout-flow wp-block-cover-is-layout-flow\">\n<p class=\"has-text-align-center\" style=\"font-size:32px\"><strong>Local e data<\/strong><\/p>\n\n\n\n<p class=\"has-text-align-center\" style=\"font-size:15px\">Neste ano, os eventos est\u00e3o sendo organizados pelo IFSULDEMINAS \u2013<strong> <\/strong>Campus Machado e acontecer\u00e3o de <strong><font color=\"#148fc8\"> 16 a 18 de novembro <\/font><\/strong>, presencialmente na cidade de <strong><font color=\"#148fc8\"> Machado-MG <\/font><\/strong>.<\/p>\n<\/div><\/div>\n<\/div>\n<\/div>\n\n\n\n<div class=\"wp-block-columns is-layout-flex wp-container-core-columns-is-layout-9d6595d7 wp-block-columns-is-layout-flex\">\n<div class=\"wp-block-column is-layout-flow wp-block-column-is-layout-flow\">\n<div class=\"wp-block-cover is-light\"><span aria-hidden=\"true\" class=\"wp-block-cover__background has-background-dim\"><\/span><div class=\"wp-block-cover__inner-container is-layout-flow wp-block-cover-is-layout-flow\">\n<p class=\"has-text-align-center\" style=\"font-size:32px\"><strong>Quem \u00e9 nosso p\u00fablico-alvo?<\/strong><\/p>\n\n\n\n<p class=\"has-text-align-center\" style=\"font-size:15px\">Estudantes de n\u00edvel t\u00e9cnico, superior e pesquisadores fazem parte da Jornada Cient\u00edfica e Tecnol\u00f3gica. Estudantes e pesquisadores de P\u00f3s-Gradua\u00e7\u00e3o <em>Lato<\/em> ou <em>Stricto sensu<\/em> fazem parte do Simp\u00f3sio de P\u00f3s-Gradua\u00e7\u00e3o.<\/p>\n<\/div><\/div>\n<\/div>\n\n\n\n<div class=\"wp-block-column is-layout-flow wp-block-column-is-layout-flow\">\n<div class=\"wp-block-cover is-light\"><span aria-hidden=\"true\" class=\"wp-block-cover__background has-background-dim\"><\/span><div class=\"wp-block-cover__inner-container is-layout-flow wp-block-cover-is-layout-flow\">\n<p class=\"has-text-align-center\" style=\"font-size:32px\"><strong>Enrique\u00e7a seu curr\u00edculo<\/strong><\/p>\n\n\n\n<p class=\"has-text-align-center\" style=\"font-size:15px\">Valores, habilidades e compet\u00eancias que aumentar\u00e3o suas chances de conseguir um bom plano de carreira.<\/p>\n<\/div><\/div>\n<\/div>\n<\/div>\n\n\n\n<div class=\"wp-block-columns is-layout-flex wp-container-core-columns-is-layout-9d6595d7 wp-block-columns-is-layout-flex\">\n<div class=\"wp-block-column is-layout-flow wp-block-column-is-layout-flow\">\n<div class=\"wp-block-columns is-layout-flex wp-container-core-columns-is-layout-9d6595d7 wp-block-columns-is-layout-flex\">\n<div class=\"wp-block-column is-layout-flow wp-block-column-is-layout-flow\">\n<div class=\"wp-block-cover\"><span aria-hidden=\"true\" class=\"wp-block-cover__background has-black-background-color has-background-dim\"><\/span><div class=\"wp-block-cover__inner-container is-layout-flow wp-block-cover-is-layout-flow\">\n<p class=\"has-text-align-center has-black-color has-text-color\" style=\"font-size:32px\"><strong>FA\u00c7A AGORA SUA INSCRI\u00c7\u00c3O!<\/strong><\/p>\n\n\n\n<p class=\"has-text-align-center\" style=\"font-size:15px\"><strong><a rel=\"noreferrer noopener\" href=\"https:\/\/docs.google.com\/forms\/d\/e\/1FAIpQLScSMFNN1UIoJjkuJm7RIyconVRwPoNm5KF3AYjxJRot1pK9QQ\/viewform\" data-type=\"URL\" data-id=\"https:\/\/docs.google.com\/forms\/d\/e\/1FAIpQLScSMFNN1UIoJjkuJm7RIyconVRwPoNm5KF3AYjxJRot1pK9QQ\/viewform\" target=\"_blank\">Ouvintes e apresentadores de trabalhos<\/a><\/strong><br><a href=\"https:\/\/josif.ifsuldeminas.edu.br\/index.php\/minicursos\/\" data-type=\"URL\" data-id=\"https:\/\/josif.ifsuldeminas.edu.br\/index.php\/minicursos\/\" target=\"_blank\" rel=\"noreferrer noopener\"><strong>Minicursos<\/strong><\/a><\/p>\n\n\n\n<p class=\"has-text-align-center has-black-color has-text-color\" style=\"font-size:32px\"><strong>Aten\u00e7\u00e3o<\/strong><\/p>\n\n\n\n<p class=\"has-text-align-center has-black-color has-text-color\" style=\"font-size:15px\"><strong>Se voc\u00ea ENVIOU um trabalho, leia atentamente as instru\u00e7\u00f5es no menu \u201c<a href=\"https:\/\/josif.ifsuldeminas.edu.br\/index.php\/apresentacao-de-trabalho\/\" data-type=\"URL\" data-id=\"https:\/\/josif.ifsuldeminas.edu.br\/index.php\/apresentacao-de-trabalho\/\">Apresenta\u00e7\u00e3o de trabalho<\/a>\u201d antes de fazer sua inscri\u00e7\u00e3o.<\/strong><\/p>\n<\/div><\/div>\n<\/div>\n\n\n\n<div class=\"wp-block-column is-layout-flow wp-block-column-is-layout-flow\">\n<div class=\"wp-block-cover\"><span aria-hidden=\"true\" class=\"wp-block-cover__background has-black-background-color has-background-dim\"><\/span><div class=\"wp-block-cover__inner-container is-layout-flow wp-block-cover-is-layout-flow\">\n<p class=\"has-text-align-center has-black-color has-text-color\" style=\"font-size:32px\"><strong><strong><strong>Consulte a programa\u00e7\u00e3o das apresenta\u00e7\u00f5es de trabalhos <\/strong><\/strong><\/strong><\/p>\n\n\n\n<p class=\"has-text-align-center\" style=\"font-size:15px\"><a href=\"https:\/\/josif.ifsuldeminas.edu.br\/index.php\/apresentacao-de-trabalho\/\" data-type=\"URL\" data-id=\"https:\/\/josif.ifsuldeminas.edu.br\/index.php\/apresentacao-de-trabalho\/\" target=\"_blank\" rel=\"noreferrer noopener\"><strong>Agendamento dos trabalhos<\/strong><\/a><\/p>\n\n\n\n<p><\/p>\n\n\n\n<p><\/p>\n<\/div><\/div>\n<\/div>\n<\/div>\n<\/div>\n<\/div>\n\n\n\n<h5 class=\"wp-block-heading has-text-align-center\">4\u00ba Caderno de Relatos de Experi\u00eancias do <br> IFSULDEMINAS 2023<\/h5>\n\n\n\n<div class=\"wp-block-columns is-layout-flex wp-container-core-columns-is-layout-9d6595d7 wp-block-columns-is-layout-flex\">\n<div class=\"wp-block-column is-layout-flow wp-block-column-is-layout-flow\">\n<figure class=\"wp-block-embed is-type-video is-provider-youtube wp-block-embed-youtube wp-embed-aspect-16-9 wp-has-aspect-ratio\"><div class=\"wp-block-embed__wrapper\">\n<iframe title=\"A experi\u00eancia de discentes na implanta\u00e7\u00e3o do plano de biosseguran\u00e7a no IFSULDEMINAS - Carmo de Minas\" width=\"750\" height=\"422\" src=\"https:\/\/www.youtube.com\/embed\/cKnwy2I4ry8?feature=oembed\" frameborder=\"0\" allow=\"accelerometer; autoplay; clipboard-write; encrypted-media; gyroscope; picture-in-picture; web-share\" referrerpolicy=\"strict-origin-when-cross-origin\" allowfullscreen><\/iframe>\n<\/div><\/figure>\n<\/div>\n\n\n\n<div class=\"wp-block-column is-layout-flow wp-block-column-is-layout-flow\">\n<p class=\"has-accent-color has-text-color\">A experi\u00eancia de discentes na implanta\u00e7\u00e3o do plano de biosseguran\u00e7a no IFSULDEMINAS&nbsp;<em>Campus<\/em>&nbsp;Avan\u00e7ado Carmo de Minas<br>Institui\u00e7\u00e3o envolvida: IFSULDEMINAS&nbsp;Campus&nbsp;Avan\u00e7ado Carmo de Minas<\/p>\n\n\n\n<p class=\"has-black-color has-text-color\">Belami Cassia da Silva (professora)<\/p>\n<\/div>\n<\/div>\n\n\n\n<div class=\"wp-block-columns is-layout-flex wp-container-core-columns-is-layout-9d6595d7 wp-block-columns-is-layout-flex\">\n<div class=\"wp-block-column is-layout-flow wp-block-column-is-layout-flow\">\n<figure class=\"wp-block-embed is-type-video is-provider-youtube wp-block-embed-youtube wp-embed-aspect-16-9 wp-has-aspect-ratio\"><div class=\"wp-block-embed__wrapper\">\n<iframe title=\"Agito no Campus \u2013 do virtual ao presencial: relato de experi\u00eancia de um projeto de dan\u00e7a na pandemia\" width=\"750\" height=\"422\" src=\"https:\/\/www.youtube.com\/embed\/a1Ie1J9sMxo?feature=oembed\" frameborder=\"0\" allow=\"accelerometer; autoplay; clipboard-write; encrypted-media; gyroscope; picture-in-picture; web-share\" referrerpolicy=\"strict-origin-when-cross-origin\" allowfullscreen><\/iframe>\n<\/div><\/figure>\n<\/div>\n\n\n\n<div class=\"wp-block-column is-layout-flow wp-block-column-is-layout-flow\">\n<p class=\"has-accent-color has-text-color\">Agito no Campus \u2013 do virtual ao presencial: relato de experi\u00eancia de um projeto de dan\u00e7a na pandemia<br>Institui\u00e7\u00e3o envolvida: IFSULDEMINAS&nbsp;Campus&nbsp;Inconfidentes<\/p>\n\n\n\n<p class=\"has-black-color has-text-color\">Davi Vieira Medeiros (professor)<\/p>\n<\/div>\n<\/div>\n\n\n\n<div class=\"wp-block-columns is-layout-flex wp-container-core-columns-is-layout-9d6595d7 wp-block-columns-is-layout-flex\">\n<div class=\"wp-block-column is-layout-flow wp-block-column-is-layout-flow\">\n<figure class=\"wp-block-embed is-type-video is-provider-youtube wp-block-embed-youtube wp-embed-aspect-16-9 wp-has-aspect-ratio\"><div class=\"wp-block-embed__wrapper\">\n<iframe title=\"Elabora\u00e7\u00e3o de manual de normas, rotinas e planilhas eletr\u00f4nicas para o lab. de enfermagem - Machado\" width=\"750\" height=\"422\" src=\"https:\/\/www.youtube.com\/embed\/wgsIMN-300Y?feature=oembed\" frameborder=\"0\" allow=\"accelerometer; autoplay; clipboard-write; encrypted-media; gyroscope; picture-in-picture; web-share\" referrerpolicy=\"strict-origin-when-cross-origin\" allowfullscreen><\/iframe>\n<\/div><\/figure>\n<\/div>\n\n\n\n<div class=\"wp-block-column is-layout-flow wp-block-column-is-layout-flow\">\n<p class=\"has-accent-color has-text-color\">Elabora\u00e7\u00e3o de manual de normas e rotinas e planilhas eletr\u00f4nicas para o laborat\u00f3rio de enfermagem do IFSULDEMINAS &#8211;&nbsp;Campus&nbsp;Machado<br>Institui\u00e7\u00e3o envolvida: IFSULDEMINAS&nbsp;Campus&nbsp;Machado<\/p>\n\n\n\n<p class=\"has-black-color has-text-color\">K\u00e1rita Santos da Mota (professora)<\/p>\n<\/div>\n<\/div>\n\n\n\n<div class=\"wp-block-columns is-layout-flex wp-container-core-columns-is-layout-9d6595d7 wp-block-columns-is-layout-flex\">\n<div class=\"wp-block-column is-layout-flow wp-block-column-is-layout-flow\">\n<figure class=\"wp-block-embed is-type-video is-provider-youtube wp-block-embed-youtube wp-embed-aspect-16-9 wp-has-aspect-ratio\"><div class=\"wp-block-embed__wrapper\">\n<iframe title=\"L\u00edngua de sinais na modalidade EaD: ferramentas para ensino e difus\u00e3o do idioma em tempo de pandemia\" width=\"750\" height=\"422\" src=\"https:\/\/www.youtube.com\/embed\/OK7i1LNVdzo?feature=oembed\" frameborder=\"0\" allow=\"accelerometer; autoplay; clipboard-write; encrypted-media; gyroscope; picture-in-picture; web-share\" referrerpolicy=\"strict-origin-when-cross-origin\" allowfullscreen><\/iframe>\n<\/div><\/figure>\n<\/div>\n\n\n\n<div class=\"wp-block-column is-layout-flow wp-block-column-is-layout-flow\">\n<p class=\"has-accent-color has-text-color\">L\u00edngua de sinais na modalidade EaD: ferramentas tecnol\u00f3gicas como aliadas na pr\u00e1tica do ensino e difus\u00e3o do idioma em tempos de pandemia<br>Institui\u00e7\u00e3o envolvida: IFSULDEMINAS&nbsp;Campus&nbsp;Muzambinho<\/p>\n\n\n\n<p class=\"has-black-color has-text-color\">Josiane de C\u00e1ssia Figueiredo Bastos (professora substituta)<\/p>\n<\/div>\n<\/div>\n\n\n\n<div class=\"wp-block-columns is-layout-flex wp-container-core-columns-is-layout-9d6595d7 wp-block-columns-is-layout-flex\">\n<div class=\"wp-block-column is-layout-flow wp-block-column-is-layout-flow\">\n<figure class=\"wp-block-embed is-type-video is-provider-youtube wp-block-embed-youtube wp-embed-aspect-16-9 wp-has-aspect-ratio\"><div class=\"wp-block-embed__wrapper\">\n<iframe title=\"IFSULives: di\u00e1logos com a comunidade\" width=\"750\" height=\"422\" src=\"https:\/\/www.youtube.com\/embed\/VxS9IlhUXJU?feature=oembed\" frameborder=\"0\" allow=\"accelerometer; autoplay; clipboard-write; encrypted-media; gyroscope; picture-in-picture; web-share\" referrerpolicy=\"strict-origin-when-cross-origin\" allowfullscreen><\/iframe>\n<\/div><\/figure>\n<\/div>\n\n\n\n<div class=\"wp-block-column is-layout-flow wp-block-column-is-layout-flow\">\n<p class=\"has-accent-color has-text-color\">IFSULives: di\u00e1logos com a comunidade<br>Institui\u00e7\u00e3o envolvida: IFSULDEMINAS&nbsp;Campus&nbsp;Avan\u00e7ado Tr\u00eas Cora\u00e7\u00f5es<\/p>\n\n\n\n<p class=\"has-black-color has-text-color\">Paula Magda da Silva Roma (professora)<\/p>\n<\/div>\n<\/div>\n\n\n\n<div class=\"wp-block-columns is-layout-flex wp-container-core-columns-is-layout-9d6595d7 wp-block-columns-is-layout-flex\">\n<div class=\"wp-block-column is-layout-flow wp-block-column-is-layout-flow\">\n<figure class=\"wp-block-embed is-type-video is-provider-youtube wp-block-embed-youtube wp-embed-aspect-16-9 wp-has-aspect-ratio\"><div class=\"wp-block-embed__wrapper\">\n<iframe title=\"O que s\u00e3o alimentos transg\u00eanicos? Um tema integrador: da sala de aula \u00e0 extens\u00e3o\" width=\"750\" height=\"422\" src=\"https:\/\/www.youtube.com\/embed\/MvEOcCmRvGU?feature=oembed\" frameborder=\"0\" allow=\"accelerometer; autoplay; clipboard-write; encrypted-media; gyroscope; picture-in-picture; web-share\" referrerpolicy=\"strict-origin-when-cross-origin\" allowfullscreen><\/iframe>\n<\/div><\/figure>\n<\/div>\n\n\n\n<div class=\"wp-block-column is-layout-flow wp-block-column-is-layout-flow\">\n<p class=\"has-accent-color has-text-color\">O que s\u00e3o alimentos transg\u00eanicos? Um tema integrador: da sala de aula \u00e0 extens\u00e3o<br>Institui\u00e7\u00e3o envolvida: IFSULDEMINAS&nbsp;Campus&nbsp;Avan\u00e7ado Carmo de Minas<\/p>\n\n\n\n<p class=\"has-black-color has-text-color\">Andresa Fabiana Batista Guimar\u00e3es (professora)<\/p>\n<\/div>\n<\/div>\n\n\n\n<div class=\"wp-block-columns is-layout-flex wp-container-core-columns-is-layout-9d6595d7 wp-block-columns-is-layout-flex\">\n<div class=\"wp-block-column is-layout-flow wp-block-column-is-layout-flow\">\n<figure class=\"wp-block-embed is-type-video is-provider-youtube wp-block-embed-youtube wp-embed-aspect-16-9 wp-has-aspect-ratio\"><div class=\"wp-block-embed__wrapper\">\n<iframe title=\"Retorno \u00e0s aulas na pandemia da COVID-19: capacita\u00e7\u00e3o para preven\u00e7\u00e3o eficaz\" width=\"750\" height=\"422\" src=\"https:\/\/www.youtube.com\/embed\/eTeGAzKD3nI?feature=oembed\" frameborder=\"0\" allow=\"accelerometer; autoplay; clipboard-write; encrypted-media; gyroscope; picture-in-picture; web-share\" referrerpolicy=\"strict-origin-when-cross-origin\" allowfullscreen><\/iframe>\n<\/div><\/figure>\n<\/div>\n\n\n\n<div class=\"wp-block-column is-layout-flow wp-block-column-is-layout-flow\">\n<p class=\"has-accent-color has-text-color\">Retorno \u00e0s aulas na pandemia da COVID-19: capacita\u00e7\u00e3o para preven\u00e7\u00e3o eficaz<br>Institui\u00e7\u00e3o envolvida: IFSULDEMINAS&nbsp;Campus&nbsp;Machado<\/p>\n\n\n\n<p class=\"has-black-color has-text-color\">K\u00e1rita Santos da Mota (professora)<\/p>\n<\/div>\n<\/div>\n\n\n\n<div class=\"wp-block-columns is-layout-flex wp-container-core-columns-is-layout-9d6595d7 wp-block-columns-is-layout-flex\">\n<div class=\"wp-block-column is-layout-flow wp-block-column-is-layout-flow\">\n<figure class=\"wp-block-embed is-type-video is-provider-youtube wp-block-embed-youtube wp-embed-aspect-4-3 wp-has-aspect-ratio\"><div class=\"wp-block-embed__wrapper\">\n<iframe title=\"Sensibiliza\u00e7\u00e3o e engajamento via redes sociais para enfrentamento da COVID \u2013 19\" width=\"750\" height=\"563\" src=\"https:\/\/www.youtube.com\/embed\/zBdlDiM-5ik?feature=oembed\" frameborder=\"0\" allow=\"accelerometer; autoplay; clipboard-write; encrypted-media; gyroscope; picture-in-picture; web-share\" referrerpolicy=\"strict-origin-when-cross-origin\" allowfullscreen><\/iframe>\n<\/div><\/figure>\n<\/div>\n\n\n\n<div class=\"wp-block-column is-layout-flow wp-block-column-is-layout-flow\">\n<p class=\"has-accent-color has-text-color\">Sensibiliza\u00e7\u00e3o e engajamento via redes sociais para enfrentamento da COVID \u2013 19<br>Institui\u00e7\u00e3o envolvida: IFSULDEMINAS&nbsp;Campus&nbsp;Machado<\/p>\n\n\n\n<p class=\"has-black-color has-text-color\">K\u00e1rita Santos da Mota (professora)<\/p>\n<\/div>\n<\/div>\n\n\n\n<div class=\"wp-block-columns is-layout-flex wp-container-core-columns-is-layout-9d6595d7 wp-block-columns-is-layout-flex\">\n<div class=\"wp-block-column is-layout-flow wp-block-column-is-layout-flow\">\n<figure class=\"wp-block-embed is-type-video is-provider-youtube wp-block-embed-youtube wp-embed-aspect-16-9 wp-has-aspect-ratio\"><div class=\"wp-block-embed__wrapper\">\n<iframe title=\"Teletandem \u2013 aprendizado colaborativo de l\u00ednguas\" width=\"750\" height=\"422\" src=\"https:\/\/www.youtube.com\/embed\/zahH18ezvPA?feature=oembed\" frameborder=\"0\" allow=\"accelerometer; autoplay; clipboard-write; encrypted-media; gyroscope; picture-in-picture; web-share\" referrerpolicy=\"strict-origin-when-cross-origin\" allowfullscreen><\/iframe>\n<\/div><\/figure>\n<\/div>\n\n\n\n<div class=\"wp-block-column is-layout-flow wp-block-column-is-layout-flow\">\n<p class=\"has-accent-color has-text-color\">Teletandem \u2013 aprendizado colaborativo de l\u00ednguas<br>Institui\u00e7\u00e3o envolvida: IFSULDEMINAS&nbsp;Campus&nbsp;Machado<\/p>\n\n\n\n<p class=\"has-black-color has-text-color\">Aline Fernandes da Silva Ren\u00f3 (professora)<\/p>\n<\/div>\n<\/div>\n\n\n\n<div class=\"wp-block-columns is-layout-flex wp-container-core-columns-is-layout-9d6595d7 wp-block-columns-is-layout-flex\">\n<div class=\"wp-block-column is-layout-flow wp-block-column-is-layout-flow\">\n<p class=\"has-text-align-center\"><strong>Equipe organizadora<\/strong><\/p>\n\n\n\n<p class=\"has-text-align-center\"><strong>Presid\u00eancia:<\/strong><br>Dalilla Carvalho Rezende<\/p>\n\n\n\n<div class=\"wp-block-columns is-layout-flex wp-container-core-columns-is-layout-9d6595d7 wp-block-columns-is-layout-flex\">\n<div class=\"wp-block-column is-layout-flow wp-block-column-is-layout-flow\">\n<p class=\"has-text-align-center\"><strong>Comiss\u00e3o Cient\u00edfica:<\/strong><br>Diego Zanetti<br>Jader Martins<br>Fabio dos Santos Corsini<br>Nath\u00e1lia Lopes Caldeira Brant<br>Aline Manke Nachtigall<br>Dalilla Carvalho Rezende<br>Elissa Castro Caixeta Azevedo<\/p>\n<\/div>\n\n\n\n<div class=\"wp-block-column is-layout-flow wp-block-column-is-layout-flow\">\n<p class=\"has-text-align-center\"><strong>Tesouraria:<\/strong><br>Marcela Rocha<br>Dalila Rezende<br>Thaylla Caproni<br>Sarah Dias<br>Aline Manke<br>Paulize Ramos<\/p>\n<\/div>\n<\/div>\n<\/div>\n<\/div>\n\n\n\n<div class=\"wp-block-columns is-layout-flex wp-container-core-columns-is-layout-9d6595d7 wp-block-columns-is-layout-flex\">\n<div class=\"wp-block-column is-layout-flow wp-block-column-is-layout-flow\">\n<p class=\"has-text-align-center\"><strong>Estrutura\u00e7\u00e3o f\u00edsica:<\/strong><br>F\u00e1bio dos Santos Corsini<br>Lu\u00eds Sarto<br>L\u00facio Milan Gon\u00e7alves Junior<br>Sarah Dias Caproni<em><br><\/em>Thaylla Caproni Ribeiro<\/p>\n<\/div>\n\n\n\n<div class=\"wp-block-column is-layout-flow wp-block-column-is-layout-flow\">\n<p class=\"has-text-align-center\"><strong>Programa\u00e7\u00e3o (Palestras):<\/strong><br>Br\u00edgida Monteiro Vilas Boas<br>L\u00facia Helena da Silva<br>Tamara Prado de Morais<br>Beatriz Fagundes de Carvalho<\/p>\n<\/div>\n<\/div>\n\n\n\n<div class=\"wp-block-columns is-layout-flex wp-container-core-columns-is-layout-9d6595d7 wp-block-columns-is-layout-flex\">\n<div class=\"wp-block-column is-layout-flow wp-block-column-is-layout-flow\">\n<p class=\"has-text-align-center\"><strong>Equipe T\u00e9cnica (Plataforma OJS\/site):<\/strong><br>Thom\u00e9 Simpliciano Almeida<br>Herbert Faria Pinto<br>Juv\u00eancio Geraldo de Moura<br>Paulo C\u00e9sar Oliveira Lara (Bolsista).<\/p>\n<\/div>\n\n\n\n<div class=\"wp-block-column is-layout-flow wp-block-column-is-layout-flow\">\n<p class=\"has-text-align-center\"><strong>Publicidade e marketing:<\/strong><br>\u00c9rika Pereira Vilela<br>Marcelo de Moura Pimentel<br>Gabriel Sales<br>Raissa Machado de Souza<\/p>\n<\/div>\n<\/div>\n\n\n\n<h2 class=\"wp-block-heading has-text-align-center has-large-font-size\">Contato:<\/h2>\n\n\n\n<p class=\"has-text-align-center has-accent-color has-text-color\">josif.2022@ifsuldeminas.edu.br<\/p>\n","protected":false},"excerpt":{"rendered":"<p>Para navegar no site, use os itens de menu dispon\u00edveis no topo! Sua jornada come\u00e7a aqui! Venha viver uma experi\u00eancia cient\u00edfica e tecnol\u00f3gica conosco! 4\u00ba Caderno de Relatos de Experi\u00eancias do IFSULDEMINAS 2023 A experi\u00eancia de discentes na implanta\u00e7\u00e3o do plano de biosseguran\u00e7a no IFSULDEMINAS&nbsp;Campus&nbsp;Avan\u00e7ado Carmo de MinasInstitui\u00e7\u00e3o envolvida: IFSULDEMINAS&nbsp;Campus&nbsp;Avan\u00e7ado [&hellip;]<\/p>\n","protected":false},"author":1,"featured_media":0,"parent":0,"menu_order":0,"comment_status":"closed","ping_status":"closed","template":"","meta":{"footnotes":""},"class_list":["post-453","page","type-page","status-publish","hentry"],"_links":{"self":[{"href":"https:\/\/josif.ifsuldeminas.edu.br\/index.php\/wp-json\/wp\/v2\/pages\/453","targetHints":{"allow":["GET"]}}],"collection":[{"href":"https:\/\/josif.ifsuldeminas.edu.br\/index.php\/wp-json\/wp\/v2\/pages"}],"about":[{"href":"https:\/\/josif.ifsuldeminas.edu.br\/index.php\/wp-json\/wp\/v2\/types\/page"}],"author":[{"embeddable":true,"href":"https:\/\/josif.ifsuldeminas.edu.br\/index.php\/wp-json\/wp\/v2\/users\/1"}],"replies":[{"embeddable":true,"href":"https:\/\/josif.ifsuldeminas.edu.br\/index.php\/wp-json\/wp\/v2\/comments?post=453"}],"version-history":[{"count":85,"href":"https:\/\/josif.ifsuldeminas.edu.br\/index.php\/wp-json\/wp\/v2\/pages\/453\/revisions"}],"predecessor-version":[{"id":1933,"href":"https:\/\/josif.ifsuldeminas.edu.br\/index.php\/wp-json\/wp\/v2\/pages\/453\/revisions\/1933"}],"wp:attachment":[{"href":"https:\/\/josif.ifsuldeminas.edu.br\/index.php\/wp-json\/wp\/v2\/media?parent=453"}],"curies":[{"name":"wp","href":"https:\/\/api.w.org\/{rel}","templated":true}]}}