{"id":320,"date":"2025-06-03T14:37:33","date_gmt":"2025-06-03T17:37:33","guid":{"rendered":"https:\/\/josif.ifsuldeminas.edu.br\/?page_id=320"},"modified":"2025-10-27T13:32:41","modified_gmt":"2025-10-27T16:32:41","slug":"josif-14jornada-cientifica-e-tecnologica-e-simposio-de-11-pos-graduacao","status":"publish","type":"page","link":"https:\/\/josif.ifsuldeminas.edu.br\/","title":{"rendered":"JOSIF: 17\u00b0Jornada Cient\u00edfica e Tecnol\u00f3gica e 14\u00b0Simp\u00f3sio de P\u00f3s-Gradua\u00e7\u00e3o.  Para navegar no site, use os itens de menu dispon\u00edveis no topo!"},"content":{"rendered":"<p><\/p>\n<p><strong>Para navegar no site, use os itens de menu dispon\u00edveis no topo! teste<\/strong><\/p>\n<p><\/p>\n<p class=\"is-layout-flex wp-container-core-columns-is-layout-9d6595d7 wp-block-columns-is-layout-flex\"><\/p>\n<p class=\"is-layout-flow wp-block-column-is-layout-flow\"><\/p>\n<p>Sua jornada come\u00e7a aqui!<\/p>\n<p><\/p>\n<p><\/p>\n<p><\/p>\n<p>Venha viver uma experi\u00eancia cient\u00edfica e tecnol\u00f3gica conosco!<\/p>\n<p><\/p>\n<p class=\"is-layout-flex wp-container-core-columns-is-layout-9d6595d7 wp-block-columns-is-layout-flex\"><\/p>\n<p class=\"is-layout-flow wp-block-column-is-layout-flow\"><\/p>\n<p class=\"is-layout-flow wp-block-cover-is-layout-flow\"><\/p>\n<p>O que \u00e9 o josif?<\/p>\n<p><\/p>\n<p>A Jornada Cient\u00edfica e Tecnol\u00f3gica e o Simp\u00f3sio de P\u00f3s-Gradua\u00e7\u00e3o do IFSULDEMINAS s\u00e3o os maiores e mais importantes eventos cient\u00edficos da Institui\u00e7\u00e3o, integrando estudantes de cursos t\u00e9cnicos, gradua\u00e7\u00e3o e p\u00f3s-gradua\u00e7\u00e3o, bem como pesquisadores e seus estudos.<\/p>\n<p><\/p>\n<p><\/p>\n<p><\/p>\n&nbsp;\n<p class=\"is-layout-flow wp-block-column-is-layout-flow\"><\/p>\n<p><\/p>\n<p><\/p>","protected":false},"excerpt":{"rendered":"<p>Para navegar no site, use os itens de menu dispon\u00edveis no topo! teste Sua jornada come\u00e7a aqui! Venha viver uma experi\u00eancia cient\u00edfica e tecnol\u00f3gica conosco! &nbsp;<\/p>\n","protected":false},"author":18,"featured_media":0,"parent":0,"menu_order":0,"comment_status":"closed","ping_status":"closed","template":"","meta":{"footnotes":""},"class_list":["post-320","page","type-page","status-publish","hentry"],"_links":{"self":[{"href":"https:\/\/josif.ifsuldeminas.edu.br\/index.php\/wp-json\/wp\/v2\/pages\/320","targetHints":{"allow":["GET"]}}],"collection":[{"href":"https:\/\/josif.ifsuldeminas.edu.br\/index.php\/wp-json\/wp\/v2\/pages"}],"about":[{"href":"https:\/\/josif.ifsuldeminas.edu.br\/index.php\/wp-json\/wp\/v2\/types\/page"}],"author":[{"embeddable":true,"href":"https:\/\/josif.ifsuldeminas.edu.br\/index.php\/wp-json\/wp\/v2\/users\/18"}],"replies":[{"embeddable":true,"href":"https:\/\/josif.ifsuldeminas.edu.br\/index.php\/wp-json\/wp\/v2\/comments?post=320"}],"version-history":[{"count":29,"href":"https:\/\/josif.ifsuldeminas.edu.br\/index.php\/wp-json\/wp\/v2\/pages\/320\/revisions"}],"predecessor-version":[{"id":2920,"href":"https:\/\/josif.ifsuldeminas.edu.br\/index.php\/wp-json\/wp\/v2\/pages\/320\/revisions\/2920"}],"wp:attachment":[{"href":"https:\/\/josif.ifsuldeminas.edu.br\/index.php\/wp-json\/wp\/v2\/media?parent=320"}],"curies":[{"name":"wp","href":"https:\/\/api.w.org\/{rel}","templated":true}]}}