{"id":1921,"date":"2024-04-11T16:17:29","date_gmt":"2024-04-11T19:17:29","guid":{"rendered":"https:\/\/josif.ifsuldeminas.edu.br\/?page_id=1921"},"modified":"2025-05-06T14:26:52","modified_gmt":"2025-05-06T17:26:52","slug":"josif-edicoes-anteriores","status":"publish","type":"page","link":"https:\/\/josif.ifsuldeminas.edu.br\/index.php\/josif-edicoes-anteriores\/","title":{"rendered":"JOSIF &#8211; Edi\u00e7\u00f5es Anteriores"},"content":{"rendered":"\t\t<div data-elementor-type=\"wp-page\" data-elementor-id=\"1921\" class=\"elementor elementor-1921\">\n\t\t\t\t\t\t<section class=\"elementor-section elementor-top-section elementor-element elementor-element-32ddcb0a elementor-section-boxed elementor-section-height-default elementor-section-height-default\" data-id=\"32ddcb0a\" data-element_type=\"section\" data-e-type=\"section\">\n\t\t\t\t\t\t<div class=\"elementor-container elementor-column-gap-default\">\n\t\t\t\t\t<div class=\"elementor-column elementor-col-100 elementor-top-column elementor-element elementor-element-1b5f21ac\" data-id=\"1b5f21ac\" data-element_type=\"column\" data-e-type=\"column\">\n\t\t\t<div class=\"elementor-widget-wrap elementor-element-populated\">\n\t\t\t\t\t\t<div class=\"elementor-element elementor-element-52af37a5 elementor-widget elementor-widget-text-editor\" data-id=\"52af37a5\" data-element_type=\"widget\" data-e-type=\"widget\" data-widget_type=\"text-editor.default\">\n\t\t\t\t<div class=\"elementor-widget-container\">\n\t\t\t\t\t\t\t\t\t<p>2024 &#8211; IFSULDEMINAS &#8211; Campus Inconfidentes<br \/><a href=\"https:\/\/josif.ifsuldeminas.edu.br\/?page_id=2872&amp;preview=true\">16\u00aa Jornada Cient\u00edfica e Tecnol\u00f3gica e 13\u00ba Simp\u00f3sio de P\u00f3s-Gradua\u00e7\u00e3o do IFSULDEMINAS<\/a><\/p>\n<p>2023 &#8211; IFSULDEMINAS &#8211; Campus Muzambinho<br \/><a href=\"https:\/\/josif.ifsuldeminas.edu.br\/index.php\/ifsuldeminas-josif-2022\/\">1<\/a><a href=\"https:\/\/josif.ifsuldeminas.edu.br\/index.php\/ifsuldeminas-josif-2023\/\" target=\"_blank\" rel=\"noopener\">5\u00aa Jornada Cient\u00edfica e Tecnol\u00f3gica e 12\u00ba Simp\u00f3sio de P\u00f3s-Gradua\u00e7\u00e3o do IFSULDEMINAS<\/a><\/p>\n<p><!-- \/wp:paragraph --><\/p>\n<p><!-- wp:paragraph --><\/p>\n<p>2022 &#8211; IFSULDEMINAS &#8211; Campus Machado<br \/><a href=\"https:\/\/josif.ifsuldeminas.edu.br\/index.php\/ifsuldeminas-josif-2022\/\">14\u00aa Jornada Cient\u00edfica e Tecnol\u00f3gica e 11\u00ba Simp\u00f3sio de P\u00f3s-Gradua\u00e7\u00e3o do IFSULDEMINAS<\/a><\/p>\n<p><!-- \/wp:paragraph --><\/p>\n<p><!-- wp:paragraph --><\/p>\n<p>2021 &#8211; IFSULDEMINAS &#8211; Campus Passos<br \/><a href=\"https:\/\/josif.ifsuldeminas.edu.br\/2021\/\" data-type=\"link\" data-id=\"https:\/\/josif.ifsuldeminas.edu.br\/2021\/\" target=\"_blank\" rel=\"noreferrer noopener\">13\u00aa Jornada Cient\u00edfica e Tecnol\u00f3gica e 10\u00ba Simp\u00f3sio de P\u00f3s-Gradua\u00e7\u00e3o do IFSULDEMINAS<\/a><\/p>\n<p><!-- \/wp:paragraph --><\/p>\t\t\t\t\t\t\t\t<\/div>\n\t\t\t\t<\/div>\n\t\t\t\t\t<\/div>\n\t\t<\/div>\n\t\t\t\t\t<\/div>\n\t\t<\/section>\n\t\t\t\t<\/div>\n\t\t","protected":false},"excerpt":{"rendered":"<p>2024 &#8211; IFSULDEMINAS &#8211; Campus Inconfidentes16\u00aa Jornada Cient\u00edfica e Tecnol\u00f3gica e 13\u00ba Simp\u00f3sio de P\u00f3s-Gradua\u00e7\u00e3o do IFSULDEMINAS 2023 &#8211; IFSULDEMINAS &#8211; Campus Muzambinho15\u00aa Jornada Cient\u00edfica e Tecnol\u00f3gica e 12\u00ba Simp\u00f3sio de P\u00f3s-Gradua\u00e7\u00e3o do IFSULDEMINAS 2022 &#8211; IFSULDEMINAS &#8211; Campus Machado14\u00aa Jornada Cient\u00edfica e Tecnol\u00f3gica e 11\u00ba Simp\u00f3sio de P\u00f3s-Gradua\u00e7\u00e3o do [&hellip;]<\/p>\n","protected":false},"author":14,"featured_media":0,"parent":0,"menu_order":0,"comment_status":"closed","ping_status":"closed","template":"","meta":{"footnotes":""},"class_list":["post-1921","page","type-page","status-publish","hentry"],"_links":{"self":[{"href":"https:\/\/josif.ifsuldeminas.edu.br\/index.php\/wp-json\/wp\/v2\/pages\/1921","targetHints":{"allow":["GET"]}}],"collection":[{"href":"https:\/\/josif.ifsuldeminas.edu.br\/index.php\/wp-json\/wp\/v2\/pages"}],"about":[{"href":"https:\/\/josif.ifsuldeminas.edu.br\/index.php\/wp-json\/wp\/v2\/types\/page"}],"author":[{"embeddable":true,"href":"https:\/\/josif.ifsuldeminas.edu.br\/index.php\/wp-json\/wp\/v2\/users\/14"}],"replies":[{"embeddable":true,"href":"https:\/\/josif.ifsuldeminas.edu.br\/index.php\/wp-json\/wp\/v2\/comments?post=1921"}],"version-history":[{"count":21,"href":"https:\/\/josif.ifsuldeminas.edu.br\/index.php\/wp-json\/wp\/v2\/pages\/1921\/revisions"}],"predecessor-version":[{"id":2882,"href":"https:\/\/josif.ifsuldeminas.edu.br\/index.php\/wp-json\/wp\/v2\/pages\/1921\/revisions\/2882"}],"wp:attachment":[{"href":"https:\/\/josif.ifsuldeminas.edu.br\/index.php\/wp-json\/wp\/v2\/media?parent=1921"}],"curies":[{"name":"wp","href":"https:\/\/api.w.org\/{rel}","templated":true}]}}