{"id":122,"date":"2022-06-16T20:52:02","date_gmt":"2022-06-16T23:52:02","guid":{"rendered":"https:\/\/josif.ifsuldeminas.edu.br\/?page_id=122"},"modified":"2025-06-13T07:36:45","modified_gmt":"2025-06-13T10:36:45","slug":"normas-de-envio","status":"publish","type":"page","link":"https:\/\/josif.ifsuldeminas.edu.br\/index.php\/normas-de-envio\/","title":{"rendered":"Normas de envio do resumo"},"content":{"rendered":"\t\t<div data-elementor-type=\"wp-page\" data-elementor-id=\"122\" class=\"elementor elementor-122\">\n\t\t\t\t\t\t<section class=\"elementor-section elementor-top-section elementor-element elementor-element-3f0443bd elementor-section-boxed elementor-section-height-default elementor-section-height-default\" data-id=\"3f0443bd\" data-element_type=\"section\" data-e-type=\"section\">\n\t\t\t\t\t\t<div class=\"elementor-container elementor-column-gap-default\">\n\t\t\t\t\t<div class=\"elementor-column elementor-col-100 elementor-top-column elementor-element elementor-element-48aac6cc\" data-id=\"48aac6cc\" data-element_type=\"column\" data-e-type=\"column\">\n\t\t\t<div class=\"elementor-widget-wrap elementor-element-populated\">\n\t\t\t\t\t\t<div class=\"elementor-element elementor-element-3e039857 elementor-widget elementor-widget-text-editor\" data-id=\"3e039857\" data-element_type=\"widget\" data-e-type=\"widget\" data-widget_type=\"text-editor.default\">\n\t\t\t\t<div class=\"elementor-widget-container\">\n\t\t\t\t\t\t\t\t\t<h1>A Jornada Cient\u00edfica e Tecnol\u00f3gica e o Simp\u00f3sio de P\u00f3s-Gradua\u00e7\u00e3o do IFSULDEMINAS aceitam 5 tipos de submiss\u00e3o:<\/h1>\n<p><!-- \/wp:paragraph --><\/p>\n<p><!-- wp:list --><\/p>\n<ul>\n<li style=\"list-style-type: none;\">\n<ul><!-- wp:list-item --><\/ul>\n<\/li>\n<\/ul>\n<ul>\n<li style=\"list-style-type: none;\">\n<ul>\n<li>Relato de pesquisa (com resultados parciais ou finais);<\/li>\n<\/ul>\n<\/li>\n<\/ul>\n<p><!-- \/wp:list-item --><\/p>\n<p><!-- wp:list-item --><\/p>\n<ul>\n<li style=\"list-style-type: none;\">\n<ul>\n<li>Relato de experi\u00eancia;<\/li>\n<\/ul>\n<\/li>\n<\/ul>\n<p><!-- \/wp:list-item --><\/p>\n<p><!-- wp:list-item --><\/p>\n<ul>\n<li style=\"list-style-type: none;\">\n<ul>\n<li>Revis\u00e3o bibliogr\u00e1fica;<\/li>\n<\/ul>\n<\/li>\n<\/ul>\n<p><!-- \/wp:list-item --><\/p>\n<p><!-- wp:list-item --><\/p>\n<ul>\n<li style=\"list-style-type: none;\">\n<ul>\n<li>Relato de Inova\u00e7\u00e3o (formato<em> Pitch\/apresenta\u00e7\u00e3o oral curta<\/em>) <a href=\"https:\/\/forms.gle\/C3uN1aRz9iY5EdvN8\" target=\"_blank\" rel=\"noopener\">formul\u00e1rio<\/a>;<\/li>\n<\/ul>\n<\/li>\n<\/ul>\n<p><!-- \/wp:list-item --><\/p>\n<p><!-- wp:list-item --><\/p>\n<ul>\n<li style=\"list-style-type: none;\">\n<ul>\n<li>Relato de Pesquisas oriundas de trabalhos de servidores do IFSULDEMINAS em afastamento para capacita\u00e7\u00e3o (disserta\u00e7\u00f5es e teses defendidas nos \u00faltimos 5 anos: 07\/2020-06\/2025).<\/li>\n<\/ul>\n<\/li>\n<\/ul>\n<p><!-- \/wp:list-item --><\/p>\n<p><!-- \/wp:list --><\/p>\n<p><!-- wp:paragraph --><\/p>\n<p><!-- \/wp:paragraph --><\/p>\n<p><!-- wp:paragraph --><\/p>\n<p>Para o Relato de Pesquisas oriundas de trabalhos de servidores do IFSULDEMINAS em afastamento para capacita\u00e7\u00e3o, est\u00e3o convidados a submeter relatos os servidores do IFSULDEMINAS afastados para capacita\u00e7\u00e3o e que defenderam mestrado, doutorado ou p\u00f3s-doutorado nos \u00faltimos 5 anos: 10\/2019-09\/2024.\u00a0<\/p>\n<p><!-- \/wp:paragraph --><\/p>\n<p><!-- wp:paragraph --><\/p>\n<p>Para todos os tipos, exceto o Relato de Inova\u00e7\u00e3o e o Relato de Pesquisas oriundas de trabalhos de servidores do IFSULDEMINAS em afastamento para capacita\u00e7\u00e3o, \u00e9 obrigat\u00f3ria a submiss\u00e3o de um \u201cResumo expandido\u201d.<\/p>\n<p><!-- \/wp:paragraph --><\/p>\n<p><!-- wp:heading --><\/p>\n<h2><strong>Normas para elabora\u00e7\u00e3o do Resumo Expandido<\/strong><\/h2>\n<p><!-- \/wp:heading --><\/p>\n<p><!-- wp:paragraph --><\/p>\n<p>Os resumos expandidos devem ser redigidos em L\u00edngua Portuguesa, conforme as regras vigentes com rela\u00e7\u00e3o \u00e0 l\u00edngua escrita, e elaborados de acordo com as orienta\u00e7\u00f5es que seguem:<\/p>\n<p><!-- \/wp:paragraph --><\/p>\n<p><!-- wp:paragraph {\"fontSize\":\"medium\"} --><\/p>\n<p><strong><mark style=\"background-color: rgba(0, 0, 0, 0); color: #0000ff; --wp-dark-mode-inline-bgcolor: rgba(13, 13, 13, 0); --wp-dark-mode-inline-color: #457fe5;\" data-darkreader-inline-bgcolor=\"\" data-darkreader-inline-color=\"\">a) Tipo de submiss\u00e3o:<\/mark><\/strong><\/p>\n<p><!-- \/wp:paragraph --><\/p>\n<p><!-- wp:list --><\/p>\n<ul>\n<li style=\"list-style-type: none;\">\n<ul><!-- wp:list-item --><\/ul>\n<\/li>\n<\/ul>\n<ul>\n<li style=\"list-style-type: none;\">\n<ul>\n<li>Relato de pesquisa (em andamento ou conclu\u00edda);<\/li>\n<\/ul>\n<\/li>\n<\/ul>\n<p><!-- \/wp:list-item --><\/p>\n<p><!-- wp:list-item --><\/p>\n<ul>\n<li style=\"list-style-type: none;\">\n<ul>\n<li>Relato de experi\u00eancia;<\/li>\n<\/ul>\n<\/li>\n<\/ul>\n<p><!-- \/wp:list-item --><\/p>\n<p><!-- wp:list-item --><\/p>\n<ul>\n<li style=\"list-style-type: none;\">\n<ul>\n<li>Revis\u00e3o bibliogr\u00e1fica.<\/li>\n<\/ul>\n<\/li>\n<\/ul>\n<p><!-- \/wp:list-item --><\/p>\n<p><!-- \/wp:list --><\/p>\n<p><!-- wp:paragraph {\"fontSize\":\"medium\"} --><\/p>\n<p><mark style=\"background-color: rgba(0, 0, 0, 0); color: #0000ff; --wp-dark-mode-inline-bgcolor: rgba(13, 13, 13, 0); --wp-dark-mode-inline-color: #457fe5;\" data-darkreader-inline-bgcolor=\"\" data-darkreader-inline-color=\"\"><strong>b) Reda\u00e7\u00e3o e Organiza\u00e7\u00e3o do texto<\/strong><\/mark><\/p>\n<p><!-- \/wp:paragraph --><\/p>\n<p><!-- wp:paragraph --><\/p>\n<p><u> Cabe\u00e7alho do Evento<\/u><br \/>Conforme modelo disponibilizado nesta edi\u00e7\u00e3o, n\u00e3o podendo sofrer qualquer altera\u00e7\u00e3o a partir dos modelos disponibilizados sem pr\u00e9via autoriza\u00e7\u00e3o da Comiss\u00e3o Organizadora.<\/p>\n<p><!-- \/wp:paragraph --><\/p>\n<p><!-- wp:paragraph --><\/p>\n<p><u> T\u00edtulo e Subt\u00edtulo<\/u><br \/>Identifica\u00e7\u00e3o e apresenta\u00e7\u00e3o do trabalho com, no m\u00e1ximo, 15 palavras. Fonte Times New Roman, tamanho 12, negrito, centralizado, formatado em caixa alta e com espa\u00e7amento de 1,5 cm entrelinhas. Caso haja subt\u00edtulo, utilize dois pontos ap\u00f3s o t\u00edtulo e redija-o em caixa baixa, utilizando mai\u00fasculas quando as regras de ortografia exigirem.<\/p>\n<p><!-- \/wp:paragraph --><\/p>\n<p><!-- wp:paragraph --><\/p>\n<p><u>Identifica\u00e7\u00e3o dos Autores<\/u><br \/><strong>Aten\u00e7\u00e3o: A primeira vers\u00e3o do manuscrito (que ser\u00e1 avaliada pela Comiss\u00e3o Cient\u00edfica) deve ser enviada sem os dados de autoria e em formato .pdf. Entretanto, deve ser considerado o espa\u00e7o necess\u00e1rio para inserir esses dados ap\u00f3s a avalia\u00e7\u00e3o e aceite do trabalho.<\/strong><\/p>\n<p><!-- \/wp:paragraph --><\/p>\n<p><!-- wp:paragraph {\"fontSize\":\"medium\"} --><\/p>\n<p>Os nomes devem ser escritos por extenso, com nomes do meio abreviados pela letra inicial mai\u00fascula. O primeiro nome deve estar formatado em caixa baixa (exceto inicial), sobrenome formatado em caixa alta e com espa\u00e7amento de 1,5 cm entrelinhas. Caso haja mais de um autor, os nomes devem ser separados por ponto e v\u00edrgula. Os dados de Fun\u00e7\u00e3o, Filia\u00e7\u00e3o\/Institui\u00e7\u00e3o e E-mail de todos os autores devem ser indicados em nota rodap\u00e9 com Fonte Arial, tamanho 11, negrito, centralizado. O nome do apresentador deve ser sublinhado.<\/p>\n<p><!-- \/wp:paragraph --><\/p>\n<p><!-- wp:paragraph --><\/p>\n<p><u>Resumo<\/u><br \/>M\u00e1ximo de 10 linhas. Fonte Times New Roman, tamanho 10, justificado e com espa\u00e7amento simples.<br \/>Texto expondo informa\u00e7\u00f5es sobre objetivos do trabalho e s\u00edntese dos elementos textuais obrigat\u00f3rios, conforme tipo de submiss\u00e3o (incluir aqui a indica\u00e7\u00e3o do tipo de submiss\u00e3o, ou seja, se \u00e9 um relato de pesquisa; relato de experi\u00eancia ou revis\u00e3o bibliogr\u00e1fica).<\/p>\n<p><!-- \/wp:paragraph --><\/p>\n<p><!-- wp:paragraph --><\/p>\n<p><u>Palavras-chave<\/u><br \/>Fonte Times New Roman, tamanho 10, justificado e com espa\u00e7amento simples.<br \/>Tr\u00eas a cinco palavras-chave, separadas por ponto e v\u00edrgula, iniciadas por letra mai\u00fascula. Ap\u00f3s a \u00faltima palavra, ponto final. N\u00e3o repetir palavras j\u00e1 utilizadas no t\u00edtulo.<\/p>\n<p><!-- \/wp:paragraph --><\/p>\n<p><!-- wp:paragraph --><\/p>\n<p><u>Elementos Visuais<\/u><br \/>Fonte Times New Roman, tamanho 12, justificado e com espa\u00e7amento de 1,5 cm entrelinhas. O Texto deve conter os elementos textuais de acordo com a categoria.<\/p>\n<p><!-- \/wp:paragraph --><\/p>\n<p><!-- wp:list --><\/p>\n<ul>\n<li style=\"list-style-type: none;\">\n<ul><!-- wp:list-item --><\/ul>\n<\/li>\n<\/ul>\n<ul>\n<li style=\"list-style-type: none;\">\n<ul>\n<li>Para os\u00a0<strong>relatos de pesquisa<\/strong>, s\u00e3o elementos obrigat\u00f3rios: introdu\u00e7\u00e3o, material e m\u00e9todos, resultados e discuss\u00e3o, conclus\u00e3o.<\/li>\n<\/ul>\n<\/li>\n<\/ul>\n<p><!-- \/wp:list-item --><\/p>\n<p><!-- wp:list-item --><\/p>\n<ul>\n<li style=\"list-style-type: none;\">\n<ul>\n<li>Para os\u00a0<strong>relatos de experi\u00eancia<\/strong>, s\u00e3o elementos obrigat\u00f3rios: introdu\u00e7\u00e3o, material e m\u00e9todos, relato da experi\u00eancia, conclus\u00e3o.<\/li>\n<\/ul>\n<\/li>\n<\/ul>\n<p><!-- \/wp:list-item --><\/p>\n<p><!-- wp:list-item --><\/p>\n<ul>\n<li style=\"list-style-type: none;\">\n<ul>\n<li>Para as\u00a0<strong>revis\u00f5es bibliogr\u00e1ficas<\/strong>, s\u00e3o elementos obrigat\u00f3rios: introdu\u00e7\u00e3o, fundamenta\u00e7\u00e3o te\u00f3rica, material e m\u00e9todos, resultados e discuss\u00e3o, conclus\u00e3o.<\/li>\n<\/ul>\n<\/li>\n<\/ul>\n<p><!-- \/wp:list-item --><\/p>\n<p><!-- \/wp:list --><\/p>\n<p><!-- wp:paragraph --><\/p>\n<p><u>Introdu\u00e7\u00e3o<\/u><br \/>Fonte Times New Roman, tamanho 12, justificado e com espa\u00e7amento de 1,5 cm entrelinhas.Deve contextualizar o tema e apresentar a justificativa para a realiza\u00e7\u00e3o do trabalho, situando a import\u00e2ncia do problema cient\u00edfico a ser solucionado; da experi\u00eancia relatada ou da revis\u00e3o bibliogr\u00e1fica elaborada. O texto deve estabelecer rela\u00e7\u00f5es com outros trabalhos publicados sobre o assunto e conter objetivos da pesquisa, do relato ou da revis\u00e3o.<\/p>\n<p><!-- \/wp:paragraph --><\/p>\n<p><!-- wp:paragraph --><\/p>\n<p><u>Fundamenta\u00e7\u00e3o Te\u00f3rica (opcional)<\/u><br \/>Fonte Times New Roman, tamanho 12, justificado e com espa\u00e7amento de 1,5 cm entrelinhas.<\/p>\n<p><!-- \/wp:paragraph --><\/p>\n<p><!-- wp:paragraph --><\/p>\n<p>Embasamento te\u00f3rico do trabalho pode ser apresentado junto \u00e0 introdu\u00e7\u00e3o do texto ou em se\u00e7\u00e3o independente. Reflete o estado da arte do conhecimento na \u00e1rea. Deve apresentar o embasamento necess\u00e1rio para a compreens\u00e3o da relev\u00e2ncia do tema e descrever o referencial te\u00f3rico que baseia a pesquisa.<\/p>\n<p><!-- \/wp:paragraph --><\/p>\n<p><!-- wp:paragraph --><\/p>\n<p><u>Material e M\u00e9todos<\/u><br \/>Fonte Times New Roman, tamanho 12, justificado e com espa\u00e7amento de 1,5 cm entrelinhas.<br \/>Descri\u00e7\u00e3o dos passos que foram seguidos e dos materiais que foram necess\u00e1rios para a execu\u00e7\u00e3o da pesquisa, para a realiza\u00e7\u00e3o da experi\u00eancia relatada ou para o levantamento e organiza\u00e7\u00e3o da revis\u00e3o bibliogr\u00e1fica.<\/p>\n<p><!-- \/wp:paragraph --><\/p>\n<p><!-- wp:paragraph --><\/p>\n<p><u>Resultados e Discuss\u00f5es (obrigat\u00f3rio para Relatos de Pesquisa e Revis\u00f5es Bibliogr\u00e1ficas)<\/u> <br \/>Fonte Times New Roman, tamanho 12, justificado e com espa\u00e7amento de 1,5 cm entrelinhas.<br \/>Apresenta\u00e7\u00e3o e discuss\u00e3o da experi\u00eancia em an\u00e1lise, contextualizando a situa\u00e7\u00e3o e caracter\u00edsticas relevantes para compreens\u00e3o do relatado. O relato da experi\u00eancia e de seus resultados devem ser discutidos \u00e0 luz do conhecimento j\u00e1 dispon\u00edvel.<\/p>\n<p><u>Relato da Experi\u00eancia (obrigat\u00f3rio para Relatos de Experi\u00eancia)<\/u><br \/>Fonte Times New Roman, tamanho 12, justificado e com espa\u00e7amento de 1,5 cm entrelinhas.<br \/>Apresenta\u00e7\u00e3o e discuss\u00e3o da experi\u00eancia em an\u00e1lise, contextualizando a situa\u00e7\u00e3o e caracter\u00edsticas relevantes para compreens\u00e3o do relatado. O relato da experi\u00eancia e de seus resultados devem ser discutidos \u00e0 luz do conhecimento j\u00e1 dispon\u00edvel.<\/p>\n<p><!-- \/wp:paragraph --><\/p>\n<p><!-- wp:paragraph --><\/p>\n<p><u>Conclus\u00e3o<\/u><br \/>Fonte Times New Roman, tamanho 12, justificado e com espa\u00e7amento de 1,5 cm entrelinhas.<br \/>S\u00edntese objetiva e concisa das conclus\u00f5es obtidas a partir da realiza\u00e7\u00e3o da pesquisa, da an\u00e1lise da experi\u00eancia ou da articula\u00e7\u00e3o da revis\u00e3o bibliogr\u00e1fica. Deve dialogar com os objetivos propostos e indicar, sempre que poss\u00edvel, as limita\u00e7\u00f5es e recomenda\u00e7\u00f5es do estudo.<\/p>\n<p><!-- \/wp:paragraph --><\/p>\n<p><!-- wp:paragraph --><\/p>\n<p><u>Agradecimentos (se\u00e7\u00e3o opcional)<\/u><br \/>Fonte Times New Roman, tamanho 12, justificado e com espa\u00e7amento de 1,5 cm entrelinhas.<br \/>Devem ser claros, diretos e conter o motivo do agradecimento.<\/p>\n<p><!-- \/wp:paragraph --><\/p>\n<p><!-- wp:paragraph --><\/p>\n<p><u>Refer\u00eancias<\/u><br \/>Lista de todas as refer\u00eancias citadas no corpo do texto, em ordem alfab\u00e9tica e com entrada pelo \u00faltimo sobrenome do autor em letras mai\u00fasculas. As refer\u00eancias devem ser formatadas conforme a NBR 6023:2018 e da ABNT. Fonte: Times New Roman, tamanho 12, alinhado \u00e0 esquerda e com espa\u00e7amento de 1 cm entrelinhas.<\/p>\n<p><!-- \/wp:paragraph --><\/p>\n<p><!-- wp:heading {\"level\":4,\"fontSize\":\"medium\"} --><\/p>\n<h4><mark style=\"background-color: rgba(0, 0, 0, 0); color: #0000ff; --wp-dark-mode-inline-bgcolor: rgba(13, 13, 13, 0); --wp-dark-mode-inline-color: #457fe5;\" data-darkreader-inline-bgcolor=\"\" data-darkreader-inline-color=\"\">c) Formata\u00e7\u00e3o do texto:<\/mark><\/h4>\n<p><!-- \/wp:heading --><\/p>\n<p><!-- wp:list --><\/p>\n<ul>\n<li style=\"list-style-type: none;\">\n<ul><!-- wp:list-item --><\/ul>\n<\/li>\n<\/ul>\n<ul>\n<li style=\"list-style-type: none;\">\n<ul>\n<li>Extens\u00e3o de, no m\u00ednimo, duas p\u00e1ginas e, no m\u00e1ximo, quatro p\u00e1ginas (incluindo figuras, tabelas e refer\u00eancias).<\/li>\n<\/ul>\n<\/li>\n<\/ul>\n<p><!-- \/wp:list-item --><\/p>\n<p><!-- wp:list-item --><\/p>\n<ul>\n<li style=\"list-style-type: none;\">\n<ul>\n<li>Configura\u00e7\u00e3o de p\u00e1gina deve ser A4 (210 \u00d7 297 mm).<\/li>\n<\/ul>\n<\/li>\n<\/ul>\n<p><!-- \/wp:list-item --><\/p>\n<p><!-- wp:list-item --><\/p>\n<ul>\n<li style=\"list-style-type: none;\">\n<ul>\n<li>Margens de 2 (dois) cm, em todas as dimens\u00f5es.<\/li>\n<\/ul>\n<\/li>\n<\/ul>\n<p><!-- \/wp:list-item --><\/p>\n<p><!-- wp:list-item --><\/p>\n<ul>\n<li style=\"list-style-type: none;\">\n<ul>\n<li>Recuo especial na primeira linha de cada par\u00e1grafo de 1,25 cm.<\/li>\n<\/ul>\n<\/li>\n<\/ul>\n<p><!-- \/wp:list-item --><\/p>\n<p><!-- wp:list-item --><\/p>\n<ul>\n<li style=\"list-style-type: none;\">\n<ul>\n<li>Fontes, espa\u00e7amento e alinhamento do texto, conforme especificidade das se\u00e7\u00f5es.<\/li>\n<\/ul>\n<\/li>\n<\/ul>\n<p><!-- \/wp:list-item --><\/p>\n<p><!-- \/wp:list --><\/p>\n<p><!-- wp:paragraph {\"align\":\"center\",\"textColor\":\"accent\"} --><\/p>\n<p><strong>NOME DO ARQUIVO A SER ENVIADO<\/strong><\/p>\n<p><!-- \/wp:paragraph --><\/p>\n<p><!-- wp:paragraph --><\/p>\n<p>O nome do arquivo a ser submetido deve ser o mesmo do t\u00edtulo do trabalho, em qualquer momento da submiss\u00e3o (inicial ou final). <strong>Em hip\u00f3tese alguma deve-se mencionar autoria no nome do arquivo enviado na plataforma.<\/strong><\/p>\n<p><!-- \/wp:paragraph --><\/p>\n<p><!-- wp:heading {\"textAlign\":\"center\",\"level\":3} --><\/p>\n<h3>Crit\u00e9rios de avalia\u00e7\u00e3o<\/h3>\n<p><!-- \/wp:heading --><\/p>\n<p><!-- wp:paragraph --><\/p>\n<p>O processo de revis\u00e3o dos resumos expandidos submetidos \u00e0 JOSIF consiste em <em>feedback<\/em> espec\u00edfico, tanto quantitativo como qualitativo, para diferentes crit\u00e9rios atendidos ou n\u00e3o pelos resumos expandidos.<\/p>\n<p><!-- \/wp:paragraph --><\/p>\n<p><!-- wp:list --><\/p>\n<ul>\n<li style=\"list-style-type: none;\">\n<ul><!-- wp:list-item --><\/ul>\n<\/li>\n<\/ul>\n<ul>\n<li style=\"list-style-type: none;\">\n<ul>\n<li>Relev\u00e2ncia do tema: import\u00e2ncia do assunto e as contribui\u00e7\u00f5es do trabalho para a \u00e1rea de conhecimento.<\/li>\n<\/ul>\n<\/li>\n<\/ul>\n<p><!-- \/wp:list-item --><\/p>\n<p><!-- wp:list-item --><\/p>\n<ul>\n<li style=\"list-style-type: none;\">\n<ul>\n<li>Qualidade t\u00e9cnico-cient\u00edfica: conceitos corretos, profundidade da abordagem te\u00f3rica, rigor cient\u00edfico e cita\u00e7\u00e3o de refer\u00eancias bibliogr\u00e1ficas fundamentais para o tema.<\/li>\n<\/ul>\n<\/li>\n<\/ul>\n<p><!-- \/wp:list-item --><\/p>\n<p><!-- wp:list-item --><\/p>\n<ul>\n<li style=\"list-style-type: none;\">\n<ul>\n<li>Apresenta\u00e7\u00e3o: clareza e objetividade do texto, corre\u00e7\u00e3o gramatical e ortogr\u00e1fica e adequa\u00e7\u00e3o \u00e0s normas de formata\u00e7\u00e3o.<\/li>\n<\/ul>\n<\/li>\n<\/ul>\n<p><!-- \/wp:list-item --><\/p>\n<p><!-- wp:list-item --><\/p>\n<ul>\n<li style=\"list-style-type: none;\">\n<ul>\n<li>Estrutura: qualidade da estrutura l\u00f3gica do trabalho, ou seja, a organiza\u00e7\u00e3o dos t\u00f3picos que o comp\u00f5em.<\/li>\n<\/ul>\n<\/li>\n<\/ul>\n<p><!-- \/wp:list-item --><\/p>\n<p><!-- \/wp:list --><\/p>\n<p><!-- wp:paragraph --><\/p>\n<p><!-- \/wp:paragraph --><\/p>\n<p><!-- wp:paragraph --><\/p>\n<p><!-- \/wp:paragraph --><\/p>\n<p><!-- wp:paragraph {\"align\":\"center\"} --><\/p>\n<p><strong>Download do Modelo para envio dos Resumos Expandidos, <a href=\"https:\/\/docs.google.com\/document\/d\/1jWVC2zD-8hCUVJ-EXRYx3X8R1Az7cYpu5G-KMwgsWHE\/edit?usp=sharing\" target=\"_blank\" rel=\"noopener\">clique aqui<\/a>.<\/strong><\/p>\n<p><strong>Download do modelo dos p\u00f4steres <a href=\"https:\/\/docs.google.com\/presentation\/d\/1KJGxPthiFCV-0zE0YvW9LzZgn9JsbeQmurvLLRSRr9c\/edit?usp=sharing\" target=\"_blank\" rel=\"noopener\">clique aqui.<\/a><\/strong><\/p>\n<p><!-- \/wp:paragraph --><\/p>\n<p><!-- wp:paragraph --><\/p>\n<p><!-- \/wp:paragraph --><\/p>\n<p><!-- wp:paragraph {\"align\":\"center\"} --><\/p>\n<p>\u00a0<\/p>\n<p style=\"text-align: center;\"><span style=\"text-decoration: underline;\"><strong>Submiss\u00e3o dos Resumos Expandidos<\/strong><\/span><\/p>\n<p style=\"text-align: center;\"><!-- \/wp:paragraph --><\/p>\n<p style=\"text-align: center;\"><!-- wp:buttons {\"layout\":{\"type\":\"flex\",\"justifyContent\":\"center\"}} --><\/p>\n<div>\n<p style=\"text-align: center;\"><!-- wp:button {\"gradient\":\"vivid-cyan-blue-to-vivid-purple\",\"width\":50,\"style\":{\"border\":{\"radius\":\"10px\"}},\"fontSize\":\"medium\"} --><\/p>\n<div>\n<p style=\"text-align: center;\">(Em breve)\u00a0<a href=\"http:\/\/josif.ifsuldeminas.edu.br\/wp-content\/uploads\/2024\/08\/JOSIF-AUTOR-2024.pdf\"><span style=\"border-radius: 10px;\">Manual de <span style=\"font-size: var(--wp--preset--font-size--medium);\">Submiss\u00e3o<br \/>(passo a passo), clique aqui<\/span><\/span><\/a><\/p>\n<p style=\"text-align: center;\"><a style=\"border-radius: 10px;\" href=\"https:\/\/josif.ifsuldeminas.edu.br\/ojs\/index.php\/anais\" target=\"_blank\" rel=\"noreferrer noopener\">Iniciar o processo <br \/>de <span style=\"font-size: var(--wp--preset--font-size--medium);\">Submiss\u00e3o, clique aqui<\/span><\/a><\/p>\n<\/div>\n<p style=\"text-align: center;\">O acesso aos arquivos \u00e9 feito atrav\u00e9s do email institucional ifsuldeminas.edu.br<\/p>\n<\/div>\t\t\t\t\t\t\t\t<\/div>\n\t\t\t\t<\/div>\n\t\t\t\t\t<\/div>\n\t\t<\/div>\n\t\t\t\t\t<\/div>\n\t\t<\/section>\n\t\t\t\t<\/div>\n\t\t","protected":false},"excerpt":{"rendered":"<p>A Jornada Cient\u00edfica e Tecnol\u00f3gica e o Simp\u00f3sio de P\u00f3s-Gradua\u00e7\u00e3o do IFSULDEMINAS aceitam 5 tipos de submiss\u00e3o: Relato de pesquisa (com resultados parciais ou finais); Relato de experi\u00eancia; Revis\u00e3o bibliogr\u00e1fica; Relato de Inova\u00e7\u00e3o (formato Pitch\/apresenta\u00e7\u00e3o oral curta) formul\u00e1rio; Relato de Pesquisas oriundas de trabalhos de servidores do IFSULDEMINAS em afastamento [&hellip;]<\/p>\n","protected":false},"author":1,"featured_media":0,"parent":0,"menu_order":0,"comment_status":"closed","ping_status":"closed","template":"","meta":{"footnotes":""},"class_list":["post-122","page","type-page","status-publish","hentry"],"_links":{"self":[{"href":"https:\/\/josif.ifsuldeminas.edu.br\/index.php\/wp-json\/wp\/v2\/pages\/122","targetHints":{"allow":["GET"]}}],"collection":[{"href":"https:\/\/josif.ifsuldeminas.edu.br\/index.php\/wp-json\/wp\/v2\/pages"}],"about":[{"href":"https:\/\/josif.ifsuldeminas.edu.br\/index.php\/wp-json\/wp\/v2\/types\/page"}],"author":[{"embeddable":true,"href":"https:\/\/josif.ifsuldeminas.edu.br\/index.php\/wp-json\/wp\/v2\/users\/1"}],"replies":[{"embeddable":true,"href":"https:\/\/josif.ifsuldeminas.edu.br\/index.php\/wp-json\/wp\/v2\/comments?post=122"}],"version-history":[{"count":209,"href":"https:\/\/josif.ifsuldeminas.edu.br\/index.php\/wp-json\/wp\/v2\/pages\/122\/revisions"}],"predecessor-version":[{"id":3072,"href":"https:\/\/josif.ifsuldeminas.edu.br\/index.php\/wp-json\/wp\/v2\/pages\/122\/revisions\/3072"}],"wp:attachment":[{"href":"https:\/\/josif.ifsuldeminas.edu.br\/index.php\/wp-json\/wp\/v2\/media?parent=122"}],"curies":[{"name":"wp","href":"https:\/\/api.w.org\/{rel}","templated":true}]}}