{"id":118,"date":"2022-06-16T20:51:06","date_gmt":"2022-06-16T23:51:06","guid":{"rendered":"https:\/\/josif.ifsuldeminas.edu.br\/?page_id=118"},"modified":"2025-06-18T12:02:14","modified_gmt":"2025-06-18T15:02:14","slug":"duvidas","status":"publish","type":"page","link":"https:\/\/josif.ifsuldeminas.edu.br\/index.php\/duvidas\/","title":{"rendered":"D\u00favidas"},"content":{"rendered":"\t\t<div data-elementor-type=\"wp-page\" data-elementor-id=\"118\" class=\"elementor elementor-118\">\n\t\t\t\t\t\t<section class=\"elementor-section elementor-top-section elementor-element elementor-element-65ed68f7 elementor-section-boxed elementor-section-height-default elementor-section-height-default\" data-id=\"65ed68f7\" data-element_type=\"section\" data-e-type=\"section\">\n\t\t\t\t\t\t<div class=\"elementor-container elementor-column-gap-default\">\n\t\t\t\t\t<div class=\"elementor-column elementor-col-100 elementor-top-column elementor-element elementor-element-6f4e9eac\" data-id=\"6f4e9eac\" data-element_type=\"column\" data-e-type=\"column\">\n\t\t\t<div class=\"elementor-widget-wrap elementor-element-populated\">\n\t\t\t\t\t\t<div class=\"elementor-element elementor-element-71ffa3c3 elementor-widget__width-initial elementor-widget elementor-widget-text-editor\" data-id=\"71ffa3c3\" data-element_type=\"widget\" data-e-type=\"widget\" data-widget_type=\"text-editor.default\">\n\t\t\t\t<div class=\"elementor-widget-container\">\n\t\t\t\t\t\t\t\t\t<p class=\"has-text-align-justify has-accent-color has-text-color\"><strong>1) At\u00e9 quando posso submeter trabalhos?<\/strong><\/p>\n<p>O prazo final para submiss\u00e3o \u00e9 31\/07.<\/p>\n<p class=\"has-text-align-justify has-accent-color has-text-color\"><strong><br>2) Como ser\u00e3o as apresenta\u00e7\u00f5es e publica\u00e7\u00e3o dos trabalhos sigilosos?<\/strong><\/p>\n<p>Os trabalhos sigilosos ser\u00e3o apresentados em uma sala espec\u00edfica com participa\u00e7\u00e3o restrita. Todos os participantes dessa sala ter\u00e3o que assinar um termo de sigilo e confidencialidade e estes trabalhos n\u00e3o ser\u00e3o publicados nos anais dos eventos.<\/p>\n<p class=\"has-text-align-justify has-accent-color has-text-color\"><strong><br>3) Quem pode submeter trabalhos aos eventos?<\/strong><\/p>\n<p>17\u00aa Jornada Cient\u00edfica e Tecnol\u00f3gica: estudantes de n\u00edvel t\u00e9cnico e superior e pesquisadores.<br>14\u00ba Simp\u00f3sio de P\u00f3s-Gradua\u00e7\u00e3o: estudantes e pesquisadores de P\u00f3s-Gradua\u00e7\u00e3o <i>Lato<\/i> ou <i>Stricto sensu<\/i>.<\/p>\n<p class=\"has-text-align-justify has-accent-color has-text-color\"><strong><br>4) Qual \u00e9 o valor da inscri\u00e7\u00e3o?<\/strong><\/p>\n<p>A Jornada Cient\u00edfica e Tecnol\u00f3gica e o Simp\u00f3sio de P\u00f3s-gradua\u00e7\u00e3o do IFSULDEMINAS s\u00e3o eventos gratuitos. N\u00e3o h\u00e1 cobran\u00e7a de taxa de inscri\u00e7\u00e3o.<\/p>\n<p class=\"has-text-align-justify has-accent-color has-text-color\"><strong><br>5) Onde ser\u00e3o os eventos neste ano?<\/strong><\/p>\n<p>Palestras, mesas de debates e apresenta\u00e7\u00f5es de trabalhos ser\u00e3o realizadas no IFSULDEMINAS &#8211; Campus Passos, de forma presencial.<\/p>\n<p class=\"has-text-align-justify has-accent-color has-text-color\"><strong><br>6) Como fa\u00e7o para submeter trabalhos?<\/strong><\/p>\n<p>A submiss\u00e3o do trabalho (que deve ser elaborado de acordo com as normas para publica\u00e7\u00e3o) \u00e9 feita exclusivamente por meio da plataforma eletr\u00f4nica da Jornada Cient\u00edfica e Tecnol\u00f3gica e do Simp\u00f3sio de P\u00f3s-Gradua\u00e7\u00e3o.<\/p>\n<p class=\"has-text-align-justify has-accent-color has-text-color\"><strong><br>7) Esqueci de inserir os dados de um coautor, posso alterar?<\/strong><\/p>\n<p>A altera\u00e7\u00e3o nos dados de autoria do trabalho somente ser\u00e1 poss\u00edvel se o trabalho ainda n\u00e3o tiver sido avaliado.<\/p>\n<p class=\"has-text-align-justify has-accent-color has-text-color\"><strong><br>8) Um artigo j\u00e1 publicado pode ser enviado como resumo expandido para a apresenta\u00e7\u00e3o da Jornada Cient\u00edfica e Tecnol\u00f3gica ou Simp\u00f3sio de P\u00f3s-Gradua\u00e7\u00e3o do IFSULDEMINAS?<\/strong><\/p>\n<p>N\u00e3o. Um dos requisitos avaliados na submiss\u00e3o de trabalhos \u00e0 Jornada Cient\u00edfica e Tecnol\u00f3gica e ao Simp\u00f3sio de P\u00f3s-Gradua\u00e7\u00e3o do IFSULDEMINAS \u00e9 que o trabalho ainda n\u00e3o tenha sido publicado, nem esteja em considera\u00e7\u00e3o para publica\u00e7\u00e3o por outra confer\u00eancia.<\/p>\n<p class=\"has-text-align-justify has-accent-color has-text-color\"><strong><br>9) Posso enviar meu trabalho em l\u00edngua estrangeira?<\/strong><\/p>\n<p>N\u00e3o. Somente ser\u00e3o aceitos trabalhos na l\u00edngua portuguesa do Brasil.<\/p>\n<p class=\"has-text-align-justify has-accent-color has-text-color\"><strong><br>10) A submiss\u00e3o do trabalho (em formato de resumo expandido) por meio da plataforma eletr\u00f4nica garante a participa\u00e7\u00e3o no dia do evento?<\/strong><\/p>\n<p>N\u00e3o. O trabalho submetido ser\u00e1 avaliado por especialista da \u00e1rea e, se aprovado, ser\u00e1 apresentado no dia do evento. A inscri\u00e7\u00e3o para apresentar o trabalho dever\u00e1 ser feita ap\u00f3s o aceite.<\/p>\n<p class=\"has-text-align-justify has-accent-color has-text-color\"><strong><br>11) Posso publicar um relato de experi\u00eancia na Jornada Cient\u00edfica e Tecnol\u00f3gica ou no Simp\u00f3sio da P\u00f3s-Gradua\u00e7\u00e3o?<\/strong><\/p>\n<p>Sim. \u00c9 poss\u00edvel publicar um relato de experi\u00eancia como resumo expandido na 17\u00aa Jornada Cient\u00edfica e Tecnol\u00f3gica ou no 14\u00ba Simp\u00f3sio da P\u00f3s-Gradua\u00e7\u00e3o do IFSULDEMINAS. Os relatos de experi\u00eancia devem atender aos mesmos requisitos dos demais trabalhos, de acordo com as diretrizes para autores.<\/p>\n<p class=\"has-text-align-justify has-accent-color has-text-color\"><strong><br>12) Se meu trabalho n\u00e3o for aceito, n\u00e3o posso participar no dia do evento?<\/strong><\/p>\n<p>Pode sim. Nesse caso, voc\u00ea deve fazer a inscri\u00e7\u00e3o para participar do evento como \u201couvinte\u201d.<\/p>\n<p class=\"has-text-align-justify has-accent-color has-text-color\"><strong><br>13) Quem pode ser avaliador de trabalhos?<\/strong><\/p>\n<p>Para a Jornada Cient\u00edfica e Tecnol\u00f3gica \u2013 servidores e profissionais com forma\u00e7\u00e3o acad\u00eamica em n\u00edvel de P\u00f3s-Gradua\u00e7\u00e3o <i>Lato sensu<\/i>.<\/p>\n<p>Para o Simp\u00f3sio de P\u00f3s-Gradua\u00e7\u00e3o \u2013 servidores e profissionais com forma\u00e7\u00e3o acad\u00eamica em n\u00edvel de P\u00f3s-Gradua\u00e7\u00e3o <i>Stricto sensu<\/i>.<br>A avalia\u00e7\u00e3o dos resumos \u00e9 uma atividade volunt\u00e1ria (n\u00e3o remunerada).<\/p>\n<p class=\"has-text-align-justify has-accent-color has-text-color\"><strong><br>14) Por que bolsistas de n\u00edvel superior CNPq e FAPEMIG do IFSULDEMINAS devem, obrigatoriamente, apresentar em formato oral?<\/strong><\/p>\n<p>Possu\u00edmos cotas de bolsas junto ao CNPq e a FAPEMIG. Essas cotas de bolsas s\u00e3o distribu\u00eddas por meio de processo seletivo (edital). Para manuten\u00e7\u00e3o da cota, devemos realizar, anualmente, um evento, na forma de semin\u00e1rio\/congresso ou similar, onde os bolsistas dever\u00e3o apresentar sua produ\u00e7\u00e3o cient\u00edfica (resultado da pesquisa) sob a forma oral. O desempenho do bolsista deve ser avaliado pelo Comit\u00ea Institucional de Inicia\u00e7\u00e3o Cient\u00edfica (CIIC \u2013 externo) com base nos resultados apresentados na Jornada Cient\u00edfica e Tecnol\u00f3gica e crit\u00e9rios do IFSULDEMINAS. \u00c9 uma forma de acompanhamento do Programa Institucional de Bolsas de Inicia\u00e7\u00e3o Cient\u00edfica.<\/p>\n<p class=\"has-text-align-justify has-accent-color has-text-color\"><strong><br>15) Se eu publicar os resultados de minhas pesquisas na Jornada Cient\u00edfica e Tecnol\u00f3gica do IFSULDEMINAS, poderei public\u00e1-los posteriormente em outros meios?<\/strong><\/p>\n<p>A publica\u00e7\u00e3o em outros meios depender\u00e1 de suas normas espec\u00edficas.<\/p>\n<p class=\"has-text-align-justify has-accent-color has-text-color\"><strong><br>16) Como ter acesso aos trabalhos apresentados nas edi\u00e7\u00f5es anteriores?<\/strong><\/p>\n<p>Os trabalhos publicados nas edi\u00e7\u00f5es anteriores podem ser acessados na p\u00e1gina dos Anais Eletr\u00f4nicos dos eventos.<\/p>\n<p class=\"has-text-align-justify has-accent-color has-text-color\"><strong><br>17) Qual ser\u00e1 o formato dos Anais da Jornada Cient\u00edfica e Tecnol\u00f3gicas e do Simp\u00f3sio de P\u00f3s-Gradua\u00e7\u00e3o?<\/strong><\/p>\n<p>Os trabalhos aceitos e apresentados nos dois eventos s\u00e3o disponibilizados para o p\u00fablico em formato de Anais Eletr\u00f4nicos.<\/p>\n<p class=\"has-text-align-justify has-accent-color has-text-color\"><strong><br>18) Quem tem direito ao certificado?<\/strong><\/p>\n<p>Todos os inscritos e que estiverem presentes nos dias do evento t\u00eam direito ao certificado. Ser\u00e3o emitidos certificados de ouvintes e de apresenta\u00e7\u00e3o de trabalhos. Durante a apresenta\u00e7\u00e3o dos trabalhos, formul\u00e1rios de presen\u00e7a tempor\u00e1rios ser\u00e3o disponibilizados para preenchimento e posterior emiss\u00e3o do certificado.<\/p>\n<p class=\"has-text-align-justify has-accent-color has-text-color\"><strong><br>19) Coautores e orientadores tamb\u00e9m recebem certificados?<\/strong><\/p>\n<p>N\u00e3o s\u00e3o emitidos certificados de coautoria ou de orienta\u00e7\u00e3o. O certificado ser\u00e1 enviado apenas ao apresentador do trabalho e constar\u00e1 os dados completos de autoria informados no momento da inscri\u00e7\u00e3o.<\/p>\n<p class=\"has-text-align-justify has-accent-color has-text-color\"><strong><br>20) Quando meu certificado estar\u00e1 dispon\u00edvel?<\/strong><\/p>\n<p>Aproximadamente at\u00e9 60 dias ap\u00f3s o evento.<\/p>\n<p class=\"has-text-align-justify has-accent-color has-text-color\"><strong><br>21) Quantos trabalhos cada autor pode enviar?<\/strong><\/p>\n<p>N\u00e3o est\u00e1 estabelecido limite, entretanto, o autor deve considerar a viabilidade de apresenta\u00e7\u00e3o nos dias dos eventos tendo em vista que as argui\u00e7\u00f5es podem ser simult\u00e2neas.<\/p>\n<p class=\"has-text-align-justify has-accent-color has-text-color\"><strong><br>22) Sobre os coautores, quantos s\u00e3o permitidos? Eles recebem certificados tamb\u00e9m?<\/strong><\/p>\n<p>Sugerimos que n\u00e3o ultrapasse 6 (seis) coautores, embora n\u00e3o seja proibido um n\u00famero maior. O certificado ser\u00e1 enviado apenas ao apresentador do trabalho e constar\u00e1 os dados completos de autoria informados no momento da inscri\u00e7\u00e3o \u2013 na plataforma.<\/p>\n<p class=\"has-text-align-justify has-accent-color has-text-color\"><strong><br>23) Onde encontrar os certificados da Jornada Cient\u00edfica e Tecnol\u00f3gica e do Simp\u00f3sio de P\u00f3s-Gradua\u00e7\u00e3o?<\/strong><\/p>\n<p>Os certificados ser\u00e3o gerados automaticamente e ser\u00e3o enviados por e-mail, informado no ato de inscri\u00e7\u00e3o, e tamb\u00e9m ficar\u00e3o dispon\u00edveis no link de certificados.<\/p>\n<p><mark class=\"has-inline-color\" style=\"background-color: rgba(0, 0, 0, 0); --wp-dark-mode-inline-bgcolor: rgba(13, 13, 13, 0); --wp-dark-mode-inline-color: #457fe5;\" data-darkreader-inline-bgcolor=\"\" data-darkreader-inline-color=\"\"><span style=\"color: #0000ff;\"><b>Em caso de quaisquer d\u00favidas, as mesmas devem ser encaminhadas para o e-mail: josif.2025@ifsuldeminas.edu.br.<\/b><\/span><\/mark><\/p>\t\t\t\t\t\t\t\t<\/div>\n\t\t\t\t<\/div>\n\t\t\t\t\t<\/div>\n\t\t<\/div>\n\t\t\t\t\t<\/div>\n\t\t<\/section>\n\t\t\t\t<\/div>\n\t\t","protected":false},"excerpt":{"rendered":"<p>1) At\u00e9 quando posso submeter trabalhos? O prazo final para submiss\u00e3o \u00e9 31\/07. 2) Como ser\u00e3o as apresenta\u00e7\u00f5es e publica\u00e7\u00e3o dos trabalhos sigilosos? Os trabalhos sigilosos ser\u00e3o apresentados em uma sala espec\u00edfica com participa\u00e7\u00e3o restrita. Todos os participantes dessa sala ter\u00e3o que assinar um termo de sigilo e confidencialidade e [&hellip;]<\/p>\n","protected":false},"author":1,"featured_media":0,"parent":0,"menu_order":0,"comment_status":"closed","ping_status":"closed","template":"","meta":{"footnotes":""},"class_list":["post-118","page","type-page","status-publish","hentry"],"_links":{"self":[{"href":"https:\/\/josif.ifsuldeminas.edu.br\/index.php\/wp-json\/wp\/v2\/pages\/118","targetHints":{"allow":["GET"]}}],"collection":[{"href":"https:\/\/josif.ifsuldeminas.edu.br\/index.php\/wp-json\/wp\/v2\/pages"}],"about":[{"href":"https:\/\/josif.ifsuldeminas.edu.br\/index.php\/wp-json\/wp\/v2\/types\/page"}],"author":[{"embeddable":true,"href":"https:\/\/josif.ifsuldeminas.edu.br\/index.php\/wp-json\/wp\/v2\/users\/1"}],"replies":[{"embeddable":true,"href":"https:\/\/josif.ifsuldeminas.edu.br\/index.php\/wp-json\/wp\/v2\/comments?post=118"}],"version-history":[{"count":124,"href":"https:\/\/josif.ifsuldeminas.edu.br\/index.php\/wp-json\/wp\/v2\/pages\/118\/revisions"}],"predecessor-version":[{"id":3047,"href":"https:\/\/josif.ifsuldeminas.edu.br\/index.php\/wp-json\/wp\/v2\/pages\/118\/revisions\/3047"}],"wp:attachment":[{"href":"https:\/\/josif.ifsuldeminas.edu.br\/index.php\/wp-json\/wp\/v2\/media?parent=118"}],"curies":[{"name":"wp","href":"https:\/\/api.w.org\/{rel}","templated":true}]}}