{"id":1080,"date":"2023-05-29T17:43:50","date_gmt":"2023-05-29T20:43:50","guid":{"rendered":"https:\/\/josif.ifsuldeminas.edu.br\/?page_id=1080"},"modified":"2025-10-22T18:27:02","modified_gmt":"2025-10-22T21:27:02","slug":"datas-importantes","status":"publish","type":"page","link":"https:\/\/josif.ifsuldeminas.edu.br\/index.php\/datas-importantes\/","title":{"rendered":"Datas importantes"},"content":{"rendered":"\t\t<div data-elementor-type=\"wp-page\" data-elementor-id=\"1080\" class=\"elementor elementor-1080\">\n\t\t\t\t\t\t<section class=\"elementor-section elementor-top-section elementor-element elementor-element-741dcbb7 elementor-section-boxed elementor-section-height-default elementor-section-height-default\" data-id=\"741dcbb7\" data-element_type=\"section\" data-e-type=\"section\">\n\t\t\t\t\t\t<div class=\"elementor-container elementor-column-gap-default\">\n\t\t\t\t\t<div class=\"elementor-column elementor-col-100 elementor-top-column elementor-element elementor-element-67ebaa95\" data-id=\"67ebaa95\" data-element_type=\"column\" data-e-type=\"column\">\n\t\t\t<div class=\"elementor-widget-wrap elementor-element-populated\">\n\t\t\t\t\t\t<div class=\"elementor-element elementor-element-46ee010a elementor-widget elementor-widget-text-editor\" data-id=\"46ee010a\" data-element_type=\"widget\" data-e-type=\"widget\" data-widget_type=\"text-editor.default\">\n\t\t\t\t<div class=\"elementor-widget-container\">\n\t\t\t\t\t\t\t\t\t<table border=\"1\">\n<tbody>\n<tr>\n<td><b>Envio de resumos expandidos pelos autores<br><\/b><\/td>\n<td>at\u00e9 <del> 30\/06\/2025&nbsp;&nbsp;<\/del>31\/07\/2025<\/td>\n<\/tr>\n<tr>\n<td><b>Notifica\u00e7\u00e3o de aceite mediante corre\u00e7\u00f5es<\/b><\/td>\n<td>\n<p>at\u00e9&nbsp;<span style=\"text-decoration-line: line-through;\">01\/09\/2025<\/span>&nbsp; 03\/10\/2025<\/p>\n<p>Devido ao elevado n\u00famero de trabalhos recebidos, a divulga\u00e7\u00e3o das notifica\u00e7\u00f5es de aceite foi prorrogada por alguns dias.<\/p>\n<\/td>\n<\/tr>\n<tr>\n<td><b>Submiss\u00e3o da vers\u00e3o final ap\u00f3s corre\u00e7\u00f5es e inser\u00e7\u00e3o dos nomes dos autores<\/b><\/td>\n<td>at\u00e9&nbsp;<span style=\"text-decoration-line: line-through;\">12\/09\/2025<\/span>&nbsp;&nbsp;<span style=\"text-decoration-line: line-through;\">27\/09\/2025<\/span>&nbsp;10\/10\/2025<\/td>\n<\/tr>\n<tr>\n<td><b>Publica\u00e7\u00e3o dos resumos aceitos<b><\/b><\/b><\/td>\n<td>a partir de 15\/12\/2025<\/td>\n<\/tr>\n<tr>\n<td><b>Programa\u00e7\u00e3o das apresenta\u00e7\u00f5es ORAIS dos trabalhos<\/b><\/td>\n<td>a partir de 24\/10\/2025<\/td>\n<\/tr>\n<tr>\n<td><b><br>Inscri\u00e7\u00f5es no evento<br><br><\/b><\/td>\n<td>a partir de 01\/10\/2025<br><a href=\"https:\/\/josif.ifsuldeminas.edu.br\/index.php\/inscricoes-2\/\" target=\"_blank\">!!!Fa\u00e7a sua inscri\u00e7\u00e3o!!!<\/a><\/td>\n<\/tr>\n<tr>\n<td><b>16\u00aa Jornada Cient\u00edfica e Tecnol\u00f3gica e 13\u00b0 Simp\u00f3sio de P\u00f3s-Gradua\u00e7\u00e3o<\/b><\/td>\n<td>05, 06 e 07\/11\/2025 no IFSULDEMINAS &#8211; Campus Passos<\/td>\n<\/tr>\n<\/tbody>\n<\/table>\n<p><!-- \/wp:html --><\/p>\t\t\t\t\t\t\t\t<\/div>\n\t\t\t\t<\/div>\n\t\t\t\t\t<\/div>\n\t\t<\/div>\n\t\t\t\t\t<\/div>\n\t\t<\/section>\n\t\t\t\t<\/div>\n\t\t","protected":false},"excerpt":{"rendered":"<p>Envio de resumos expandidos pelos autores at\u00e9 30\/06\/2025&nbsp;&nbsp;31\/07\/2025 Notifica\u00e7\u00e3o de aceite mediante corre\u00e7\u00f5es at\u00e9&nbsp;01\/09\/2025&nbsp; 03\/10\/2025 Devido ao elevado n\u00famero de trabalhos recebidos, a divulga\u00e7\u00e3o das notifica\u00e7\u00f5es de aceite foi prorrogada por alguns dias. Submiss\u00e3o da vers\u00e3o final ap\u00f3s corre\u00e7\u00f5es e inser\u00e7\u00e3o dos nomes dos autores at\u00e9&nbsp;12\/09\/2025&nbsp;&nbsp;27\/09\/2025&nbsp;10\/10\/2025 Publica\u00e7\u00e3o dos resumos aceitos [&hellip;]<\/p>\n","protected":false},"author":10,"featured_media":0,"parent":0,"menu_order":0,"comment_status":"closed","ping_status":"closed","template":"","meta":{"footnotes":""},"class_list":["post-1080","page","type-page","status-publish","hentry"],"_links":{"self":[{"href":"https:\/\/josif.ifsuldeminas.edu.br\/index.php\/wp-json\/wp\/v2\/pages\/1080","targetHints":{"allow":["GET"]}}],"collection":[{"href":"https:\/\/josif.ifsuldeminas.edu.br\/index.php\/wp-json\/wp\/v2\/pages"}],"about":[{"href":"https:\/\/josif.ifsuldeminas.edu.br\/index.php\/wp-json\/wp\/v2\/types\/page"}],"author":[{"embeddable":true,"href":"https:\/\/josif.ifsuldeminas.edu.br\/index.php\/wp-json\/wp\/v2\/users\/10"}],"replies":[{"embeddable":true,"href":"https:\/\/josif.ifsuldeminas.edu.br\/index.php\/wp-json\/wp\/v2\/comments?post=1080"}],"version-history":[{"count":91,"href":"https:\/\/josif.ifsuldeminas.edu.br\/index.php\/wp-json\/wp\/v2\/pages\/1080\/revisions"}],"predecessor-version":[{"id":3260,"href":"https:\/\/josif.ifsuldeminas.edu.br\/index.php\/wp-json\/wp\/v2\/pages\/1080\/revisions\/3260"}],"wp:attachment":[{"href":"https:\/\/josif.ifsuldeminas.edu.br\/index.php\/wp-json\/wp\/v2\/media?parent=1080"}],"curies":[{"name":"wp","href":"https:\/\/api.w.org\/{rel}","templated":true}]}}